{"id":1073,"date":"2024-06-30T11:25:17","date_gmt":"2024-06-30T04:25:17","guid":{"rendered":"https:\/\/westminstermarkets.com\/?page_id=1073"},"modified":"2024-10-03T13:39:25","modified_gmt":"2024-10-03T06:39:25","slug":"swap","status":"publish","type":"page","link":"https:\/\/westminstermarkets.com\/vi\/swap\/","title":{"rendered":"Tr\u00e1o \u0111\u1ed5i"},"content":{"rendered":"<div data-elementor-type=\"wp-page\" data-elementor-id=\"1073\" class=\"elementor elementor-1073\" data-elementor-post-type=\"page\">\n\t\t\t\t<div class=\"elementor-element elementor-element-37d2cb3 e-con-full e-flex e-con e-parent\" data-id=\"37d2cb3\" data-element_type=\"container\" data-settings=\"{&quot;background_background&quot;:&quot;classic&quot;}\">\n\t\t<div class=\"elementor-element elementor-element-55e078d e-flex e-con-boxed e-con e-child\" data-id=\"55e078d\" data-element_type=\"container\">\n\t\t\t\t\t<div class=\"e-con-inner\">\n\t\t\t\t<div class=\"elementor-element elementor-element-60e3ac0 elementor-invisible elementor-widget elementor-widget-heading\" data-id=\"60e3ac0\" data-element_type=\"widget\" data-settings=\"{&quot;_animation&quot;:&quot;fadeInUp&quot;}\" data-widget_type=\"heading.default\">\n\t\t\t\t<div class=\"elementor-widget-container\">\n\t\t\t<style>\/*! elementor - v3.21.0 - 26-05-2024 *\/\n.elementor-heading-title{padding:0;margin:0;line-height:1}.elementor-widget-heading .elementor-heading-title[class*=elementor-size-]>a{color:inherit;font-size:inherit;line-height:inherit}.elementor-widget-heading .elementor-heading-title.elementor-size-small{font-size:15px}.elementor-widget-heading .elementor-heading-title.elementor-size-medium{font-size:19px}.elementor-widget-heading .elementor-heading-title.elementor-size-large{font-size:29px}.elementor-widget-heading .elementor-heading-title.elementor-size-xl{font-size:39px}.elementor-widget-heading .elementor-heading-title.elementor-size-xxl{font-size:59px}<\/style><h2 class=\"elementor-heading-title elementor-size-default\">Ho\u00e1n \u0111\u1ed5i l\u00e0 g\u00ec?<\/h2>\t\t<\/div>\n\t\t\t\t<\/div>\n\t\t\t\t\t<\/div>\n\t\t\t\t<\/div>\n\t\t\t\t<\/div>\n\t\t<div class=\"elementor-element elementor-element-93145b6 e-flex e-con-boxed e-con e-parent\" data-id=\"93145b6\" data-element_type=\"container\" data-settings=\"{&quot;background_background&quot;:&quot;classic&quot;}\">\n\t\t\t\t\t<div class=\"e-con-inner\">\n\t\t<div class=\"elementor-element elementor-element-2660fd3 e-con-full e-flex e-con e-child\" data-id=\"2660fd3\" data-element_type=\"container\">\n\t\t\t\t<div class=\"elementor-element elementor-element-42c8cb3 elementor-invisible elementor-widget elementor-widget-heading\" data-id=\"42c8cb3\" data-element_type=\"widget\" data-settings=\"{&quot;_animation&quot;:&quot;fadeInUp&quot;}\" data-widget_type=\"heading.default\">\n\t\t\t\t<div class=\"elementor-widget-container\">\n\t\t\t<h3 class=\"elementor-heading-title elementor-size-default translation-block\">N\u1ec1n t\u1ea3ng <span class=\"blue\">T\u1ef7 l\u1ec7 ho\u00e1n \u0111\u1ed5i<\/span> l\u00e0 g\u00ec?<\/h3>\t\t<\/div>\n\t\t\t\t<\/div>\n\t\t\t\t<div class=\"elementor-element elementor-element-9559fb8 elementor-invisible elementor-widget elementor-widget-text-editor\" data-id=\"9559fb8\" data-element_type=\"widget\" data-settings=\"{&quot;_animation&quot;:&quot;fadeInUp&quot;}\" data-widget_type=\"text-editor.default\">\n\t\t\t\t<div class=\"elementor-widget-container\">\n\t\t\t<style>\/*! elementor - v3.21.0 - 26-05-2024 *\/\n.elementor-widget-text-editor.elementor-drop-cap-view-stacked .elementor-drop-cap{background-color:#69727d;color:#fff}.elementor-widget-text-editor.elementor-drop-cap-view-framed .elementor-drop-cap{color:#69727d;border:3px solid;background-color:transparent}.elementor-widget-text-editor:not(.elementor-drop-cap-view-default) .elementor-drop-cap{margin-top:8px}.elementor-widget-text-editor:not(.elementor-drop-cap-view-default) .elementor-drop-cap-letter{width:1em;height:1em}.elementor-widget-text-editor .elementor-drop-cap{float:left;text-align:center;line-height:1;font-size:50px}.elementor-widget-text-editor .elementor-drop-cap-letter{display:inline-block}<\/style>\t\t\t\t<p>T\u1ef7 gi\u00e1 ho\u00e1n \u0111\u1ed5i l\u00e0 ch\u00eanh l\u1ec7ch l\u00e3i su\u1ea5t \u0111\u01b0\u1ee3c nh\u00fang trong giao d\u1ecbch ti\u1ec1n t\u1ec7. <br \/>N\u00f3i m\u1ed9t c\u00e1ch \u0111\u01a1n gi\u1ea3n h\u01a1n, h\u00e3y xem x\u00e9t c\u00e1ch ho\u1ea1t \u0111\u1ed9ng c\u1ee7a giao d\u1ecbch ngo\u1ea1i h\u1ed1i: b\u1ea1n vay m\u1ed9t lo\u1ea1i ti\u1ec1n t\u1ec7 \u0111\u1ec3 mua m\u1ed9t lo\u1ea1i ti\u1ec1n t\u1ec7 kh\u00e1c. V\u00ed d\u1ee5: n\u1ebfu b\u1ea1n mua EUR\/USD, b\u1ea1n \u0111ang vay \u0111\u00f4 la M\u1ef9 v\u00e0 mua euro b\u1eb1ng s\u1ed1 ti\u1ec1n thu \u0111\u01b0\u1ee3c. Khi l\u00e0m nh\u01b0 v\u1eady, b\u1ea1n \u0111ang tr\u1ea3 l\u00e3i cho s\u1ed1 \u0111\u00f4 la M\u1ef9 m\u00e0 b\u1ea1n vay, nh\u01b0ng l\u1ea1i ki\u1ebfm \u0111\u01b0\u1ee3c ti\u1ec1n l\u00e3i t\u1eeb s\u1ed1 euro b\u1ea1n \u0111\u00e3 mua.<\/p>\t\t\t\t\t\t<\/div>\n\t\t\t\t<\/div>\n\t\t\t\t<\/div>\n\t\t<div class=\"elementor-element elementor-element-91b7413 e-con-full e-flex elementor-invisible e-con e-child\" data-id=\"91b7413\" data-element_type=\"container\" data-settings=\"{&quot;background_background&quot;:&quot;classic&quot;,&quot;animation&quot;:&quot;fadeInUp&quot;}\">\n\t\t<div class=\"elementor-element elementor-element-ab05000 e-con-full e-flex e-con e-child\" data-id=\"ab05000\" data-element_type=\"container\">\n\t\t\t\t<div class=\"elementor-element elementor-element-01ecc47 elementor-widget elementor-widget-heading\" data-id=\"01ecc47\" data-element_type=\"widget\" data-settings=\"{&quot;_animation&quot;:&quot;none&quot;}\" data-widget_type=\"heading.default\">\n\t\t\t\t<div class=\"elementor-widget-container\">\n\t\t\t<h3 class=\"elementor-heading-title elementor-size-default translation-block\">T\u00f4i c\u00f3 th\u1ec3 t\u00ecm \u1edf \u0111\u00e2u<br>\n<span class=\"blue\">T\u1ef7 l\u1ec7 ho\u00e1n \u0111\u1ed5i c\u1ee7a b\u1ea1n ?<\/span><\/h3>\t\t<\/div>\n\t\t\t\t<\/div>\n\t\t\t\t<div class=\"elementor-element elementor-element-a43ea21 elementor-widget elementor-widget-text-editor\" data-id=\"a43ea21\" data-element_type=\"widget\" data-widget_type=\"text-editor.default\">\n\t\t\t\t<div class=\"elementor-widget-container\">\n\t\t\t\t\t\t\t<p>T\u1ef7 gi\u00e1 ho\u00e1n \u0111\u1ed5i c\u1ee7a ch\u00fang t\u00f4i \u0111\u01b0\u1ee3c hi\u1ec3n th\u1ecb tr\u00ean t\u1ea5t c\u1ea3 c\u00e1c n\u1ec1n t\u1ea3ng c\u1ee7a ch\u00fang t\u00f4i b\u1eb1ng c\u00e1ch l\u00e0m theo c\u00e1c b\u01b0\u1edbc \u0111\u01a1n gi\u1ea3n sau:<\/p>\t\t\t\t\t\t<\/div>\n\t\t\t\t<\/div>\n\t\t\t\t<\/div>\n\t\t<div class=\"elementor-element elementor-element-20b4610 e-con-full e-flex e-con e-child\" data-id=\"20b4610\" data-element_type=\"container\">\n\t\t<div class=\"elementor-element elementor-element-210c3d4 e-con-full e-flex e-con e-child\" data-id=\"210c3d4\" data-element_type=\"container\">\n\t\t\t\t<div class=\"elementor-element elementor-element-7d40b71 elementor-widget elementor-widget-heading\" data-id=\"7d40b71\" data-element_type=\"widget\" data-widget_type=\"heading.default\">\n\t\t\t\t<div class=\"elementor-widget-container\">\n\t\t\t<span class=\"elementor-heading-title elementor-size-default\">Westminster Markets Trading Apps:<\/span>\t\t<\/div>\n\t\t\t\t<\/div>\n\t\t\t\t<div class=\"elementor-element elementor-element-f22817e box_list elementor-widget elementor-widget-text-editor\" data-id=\"f22817e\" data-element_type=\"widget\" data-widget_type=\"text-editor.default\">\n\t\t\t\t<div class=\"elementor-widget-container\">\n\t\t\t\t\t\t\t<ul><li>Nh\u1ea5p v\u00e0o 'Xem' d\u1ecdc theo menu tr\u00ean c\u00f9ng<\/li><li>Ch\u1ecdn \u2018Bi\u1ec3u t\u01b0\u1ee3ng\u2019<\/li><li>Ch\u1ecdn c\u1eb7p ti\u1ec1n t\u1ec7 b\u1ea1n mu\u1ed1n xem giao d\u1ecbch ho\u00e1n \u0111\u1ed5i v\u00e0 nh\u1ea5p v\u00e0o 'Thu\u1ed9c t\u00ednh'<\/li><li>B\u00e2y gi\u1edd b\u1ea1n c\u00f3 th\u1ec3 th\u1ea5y t\u1ef7 gi\u00e1 ho\u00e1n \u0111\u1ed5i mua v\u00e0 b\u00e1n trong c\u1eeda s\u1ed5 b\u1eadt l\u00ean<\/li><\/ul>\t\t\t\t\t\t<\/div>\n\t\t\t\t<\/div>\n\t\t\t\t<\/div>\n\t\t\t\t<\/div>\n\t\t\t\t<\/div>\n\t\t<div class=\"elementor-element elementor-element-307ba1c e-con-full e-flex e-con e-child\" data-id=\"307ba1c\" data-element_type=\"container\">\n\t\t\t\t<div class=\"elementor-element elementor-element-2faf915 elementor-invisible elementor-widget elementor-widget-heading\" data-id=\"2faf915\" data-element_type=\"widget\" data-settings=\"{&quot;_animation&quot;:&quot;fadeInUp&quot;}\" data-widget_type=\"heading.default\">\n\t\t\t\t<div class=\"elementor-widget-container\">\n\t\t\t<h3 class=\"elementor-heading-title elementor-size-default translation-block\">B\u1ea1n t\u00ednh to\u00e1n <span class=\"blue\">T\u1ef7 l\u1ec7 ho\u00e1n \u0111\u1ed5i <\/span>nh\u01b0 th\u1ebf n\u00e0o?<\/h3>\t\t<\/div>\n\t\t\t\t<\/div>\n\t\t\t\t<div class=\"elementor-element elementor-element-c9c3e5a elementor-invisible elementor-widget elementor-widget-text-editor\" data-id=\"c9c3e5a\" data-element_type=\"widget\" data-settings=\"{&quot;_animation&quot;:&quot;fadeInUp&quot;}\" data-widget_type=\"text-editor.default\">\n\t\t\t\t<div class=\"elementor-widget-container\">\n\t\t\t\t\t\t\t<p>Kho\u1ea3n ghi n\u1ee3\/ghi c\u00f3 ho\u00e1n \u0111\u1ed5i \u0111\u01b0\u1ee3c t\u00ednh nh\u01b0 sau:<br \/>T\u1ef7 gi\u00e1 mua\/b\u00e1n hi\u1ec7n t\u1ea1i * s\u1ed1 l\u00f4 = ghi n\u1ee3\/t\u00edn d\u1ee5ng ho\u00e1n \u0111\u1ed5i b\u1eb1ng lo\u1ea1i ti\u1ec1n t\u1ec7 th\u1ee9 hai.<\/p>\t\t\t\t\t\t<\/div>\n\t\t\t\t<\/div>\n\t\t<div class=\"elementor-element elementor-element-a43c9ae e-con-full e-flex e-con e-child\" data-id=\"a43c9ae\" data-element_type=\"container\">\n\t\t<div class=\"elementor-element elementor-element-05bbed3 e-con-full e-flex elementor-invisible e-con e-child\" data-id=\"05bbed3\" data-element_type=\"container\" data-settings=\"{&quot;background_background&quot;:&quot;classic&quot;,&quot;animation&quot;:&quot;fadeInUp&quot;}\">\n\t\t\t\t<div class=\"elementor-element elementor-element-b23e6c2 elementor-widget elementor-widget-heading\" data-id=\"b23e6c2\" data-element_type=\"widget\" data-widget_type=\"heading.default\">\n\t\t\t\t<div class=\"elementor-widget-container\">\n\t\t\t<h4 class=\"elementor-heading-title elementor-size-default\">V\u00ed d\u1ee5 1<\/h4>\t\t<\/div>\n\t\t\t\t<\/div>\n\t\t<div class=\"elementor-element elementor-element-343253f e-con-full e-flex e-con e-child\" data-id=\"343253f\" data-element_type=\"container\" data-settings=\"{&quot;background_background&quot;:&quot;classic&quot;}\">\n\t\t\t\t<div class=\"elementor-element elementor-element-d1afdb3 elementor-widget elementor-widget-text-editor\" data-id=\"d1afdb3\" data-element_type=\"widget\" data-widget_type=\"text-editor.default\">\n\t\t\t\t<div class=\"elementor-widget-container\">\n\t\t\t\t\t\t\t<p>\u0110\u01a1n v\u1ecb ti\u1ec1n t\u1ec7 trong t\u00e0i kho\u1ea3n c\u1ee7a b\u1ea1n l\u00e0 AUD v\u00e0 b\u1ea1n gi\u1eef m\u1ed9t l\u00f4 AUD\/USD v\u00e0o ng\u00e0y 5 th\u00e1ng 2 n\u0103m 2015:<br \/>+4,96 * 1 = 0,4,96 USD, \u0111\u01b0\u1ee3c chuy\u1ec3n \u0111\u1ed5i sang lo\u1ea1i ti\u1ec1n t\u1ec7 trong t\u00e0i kho\u1ea3n c\u1ee7a b\u1ea1n = 6,35 USD<\/p>\t\t\t\t\t\t<\/div>\n\t\t\t\t<\/div>\n\t\t\t\t<\/div>\n\t\t\t\t<\/div>\n\t\t<div class=\"elementor-element elementor-element-ba01201 e-con-full e-flex elementor-invisible e-con e-child\" data-id=\"ba01201\" data-element_type=\"container\" data-settings=\"{&quot;background_background&quot;:&quot;classic&quot;,&quot;animation&quot;:&quot;fadeInUp&quot;,&quot;animation_delay&quot;:200}\">\n\t\t\t\t<div class=\"elementor-element elementor-element-84d96ac elementor-widget elementor-widget-heading\" data-id=\"84d96ac\" data-element_type=\"widget\" data-widget_type=\"heading.default\">\n\t\t\t\t<div class=\"elementor-widget-container\">\n\t\t\t<h4 class=\"elementor-heading-title elementor-size-default\">V\u00ed d\u1ee5 2<\/h4>\t\t<\/div>\n\t\t\t\t<\/div>\n\t\t<div class=\"elementor-element elementor-element-38acd00 e-con-full e-flex e-con e-child\" data-id=\"38acd00\" data-element_type=\"container\" data-settings=\"{&quot;background_background&quot;:&quot;classic&quot;}\">\n\t\t\t\t<div class=\"elementor-element elementor-element-24322b3 elementor-widget elementor-widget-text-editor\" data-id=\"24322b3\" data-element_type=\"widget\" data-widget_type=\"text-editor.default\">\n\t\t\t\t<div class=\"elementor-widget-container\">\n\t\t\t\t\t\t\t<p>\u0110\u01a1n v\u1ecb ti\u1ec1n t\u1ec7 c\u1ee7a t\u00e0i kho\u1ea3n l\u00e0 USD, b\u1ea1n \u0111ang thi\u1ebfu 2,5 l\u00f4 EUR\/GBP v\u00e0o ng\u00e0y 5 th\u00e1ng 2 n\u0103m 2015:<br \/>-1.08 * 2.5 = -\u00a32.70, converted to USD = -$4.13<\/p>\t\t\t\t\t\t<\/div>\n\t\t\t\t<\/div>\n\t\t\t\t<\/div>\n\t\t\t\t<\/div>\n\t\t\t\t<\/div>\n\t\t\t\t<\/div>\n\t\t<div class=\"elementor-element elementor-element-83f3a9b e-con-full e-flex e-con e-child\" data-id=\"83f3a9b\" data-element_type=\"container\">\n\t\t\t\t<div class=\"elementor-element elementor-element-8c3402a elementor-invisible elementor-widget elementor-widget-heading\" data-id=\"8c3402a\" data-element_type=\"widget\" data-settings=\"{&quot;_animation&quot;:&quot;fadeInUp&quot;}\" data-widget_type=\"heading.default\">\n\t\t\t\t<div class=\"elementor-widget-container\">\n\t\t\t<h3 class=\"elementor-heading-title elementor-size-default translation-block\">Khi n\u00e0o b\u1ea1n t\u00ednh <span class=\"blue\">T\u1ef7 l\u1ec7 ho\u00e1n \u0111\u1ed5i <\/span>?<\/h3>\t\t<\/div>\n\t\t\t\t<\/div>\n\t\t\t\t<div class=\"elementor-element elementor-element-604b3ed elementor-invisible elementor-widget elementor-widget-text-editor\" data-id=\"604b3ed\" data-element_type=\"widget\" data-settings=\"{&quot;_animation&quot;:&quot;fadeInUp&quot;}\" data-widget_type=\"text-editor.default\">\n\t\t\t\t<div class=\"elementor-widget-container\">\n\t\t\t\t\t\t\t<p>T\u1ef7 gi\u00e1 ho\u00e1n \u0111\u1ed5i c\u1ee7a ch\u00fang t\u00f4i \u0111\u01b0\u1ee3c t\u00ednh m\u1ed7i ng\u00e0y v\u00e0o l\u00fac 4 gi\u1edd 59 ph\u00fat chi\u1ec1u theo gi\u1edd New York\/gi\u1edd 11 gi\u1edd 59 ph\u00fat t\u1ed1i (GMT+2). C\u00e1c giao d\u1ecbch \u0111\u00e3 \u0111\u01b0\u1ee3c m\u1edf tr\u01b0\u1edbc 4:59 chi\u1ec1u v\u00e0 \u0111\u01b0\u1ee3c gi\u1eef m\u1edf sau th\u1eddi gian n\u00e0y s\u1ebd ph\u1ea3i ch\u1ecbu t\u1ef7 gi\u00e1 ho\u00e1n \u0111\u1ed5i. T\u1ef7 gi\u00e1 ho\u00e1n \u0111\u1ed5i t\u0103ng g\u1ea5p ba l\u1ea7n v\u00e0o th\u1ee9 T\u01b0 l\u00fac 4 gi\u1edd 59 chi\u1ec1u \u0111\u1ec3 t\u00ednh cho c\u00e1c ng\u00e0y cu\u1ed1i tu\u1ea7n. Xin l\u01b0u \u00fd r\u1eb1ng \u0111\u00e2y l\u00e0 c\u1ea5u tr\u00fac ti\u00eau chu\u1ea9n c\u1ee7a giao d\u1ecbch ho\u00e1n \u0111\u1ed5i - tuy nhi\u00ean, v\u00e0o nh\u1eefng tu\u1ea7n c\u00f3 ng\u00e0y ngh\u1ec9 l\u1ec5, c\u1ea5u tr\u00fac t\u1ef7 gi\u00e1 ho\u00e1n \u0111\u1ed5i c\u00f3 th\u1ec3 \u0111\u01b0\u1ee3c s\u1eeda \u0111\u1ed5i \u0111\u1ec3 t\u00ednh \u0111\u1ebfn ng\u00e0y ngh\u1ec9 l\u1ec5.<\/p>\t\t\t\t\t\t<\/div>\n\t\t\t\t<\/div>\n\t\t\t\t<\/div>\n\t\t\t\t\t<\/div>\n\t\t\t\t<\/div>\n\t\t\t\t<\/div>","protected":false},"excerpt":{"rendered":"<p>What is a Swap ? What are platform Swap Rate ? Swap rates are the interest rate differentials embedded in currency trades. To put it more simply, consider how a forex trade works: you borrow one currency to buy another. For instance, if you are buying EUR\/USD, you are borrowing US dollars and buying euros [&hellip;]<\/p>","protected":false},"author":1,"featured_media":0,"parent":0,"menu_order":0,"comment_status":"closed","ping_status":"closed","template":"","meta":{"footnotes":""},"class_list":["post-1073","page","type-page","status-publish","hentry"],"yoast_head":"<!-- This site is optimized with the Yoast SEO plugin v24.7 - https:\/\/yoast.com\/wordpress\/plugins\/seo\/ -->\n<title>Swap - Westminster Markets<\/title>\n<meta name=\"robots\" content=\"index, follow, max-snippet:-1, max-image-preview:large, max-video-preview:-1\" \/>\n<link rel=\"canonical\" href=\"https:\/\/westminstermarkets.com\/vi\/swap\/\" \/>\n<meta property=\"og:locale\" content=\"vi_VN\" \/>\n<meta property=\"og:type\" content=\"article\" \/>\n<meta property=\"og:title\" content=\"Swap - Westminster Markets\" \/>\n<meta property=\"og:description\" content=\"What is a Swap ? What are platform Swap Rate ? Swap rates are the interest rate differentials embedded in currency trades. To put it more simply, consider how a forex trade works: you borrow one currency to buy another. For instance, if you are buying EUR\/USD, you are borrowing US dollars and buying euros [&hellip;]\" \/>\n<meta property=\"og:url\" content=\"https:\/\/westminstermarkets.com\/vi\/swap\/\" \/>\n<meta property=\"og:site_name\" content=\"Westminster Markets\" \/>\n<meta property=\"article:modified_time\" content=\"2024-10-03T06:39:25+00:00\" \/>\n<meta name=\"twitter:card\" content=\"summary_large_image\" \/>\n<meta name=\"twitter:label1\" content=\"\u01af\u1edbc t\u00ednh th\u1eddi gian \u0111\u1ecdc\" \/>\n\t<meta name=\"twitter:data1\" content=\"1 ph\u00fat\" \/>\n<script type=\"application\/ld+json\" class=\"yoast-schema-graph\">{\"@context\":\"https:\/\/schema.org\",\"@graph\":[{\"@type\":\"WebPage\",\"@id\":\"https:\/\/westminstermarkets.com\/vi\/swap\/\",\"url\":\"https:\/\/westminstermarkets.com\/vi\/swap\/\",\"name\":\"Swap - Westminster Markets\",\"isPartOf\":{\"@id\":\"https:\/\/westminstermarkets.com\/#website\"},\"datePublished\":\"2024-06-30T04:25:17+00:00\",\"dateModified\":\"2024-10-03T06:39:25+00:00\",\"breadcrumb\":{\"@id\":\"https:\/\/westminstermarkets.com\/vi\/swap\/#breadcrumb\"},\"inLanguage\":\"vi\",\"potentialAction\":[{\"@type\":\"ReadAction\",\"target\":[\"https:\/\/westminstermarkets.com\/vi\/swap\/\"]}]},{\"@type\":\"BreadcrumbList\",\"@id\":\"https:\/\/westminstermarkets.com\/vi\/swap\/#breadcrumb\",\"itemListElement\":[{\"@type\":\"ListItem\",\"position\":1,\"name\":\"Home\",\"item\":\"https:\/\/westminstermarkets.com\/\"},{\"@type\":\"ListItem\",\"position\":2,\"name\":\"Swap\"}]},{\"@type\":\"WebSite\",\"@id\":\"https:\/\/westminstermarkets.com\/#website\",\"url\":\"https:\/\/westminstermarkets.com\/\",\"name\":\"Westminster Markets\",\"description\":\"\",\"publisher\":{\"@id\":\"https:\/\/westminstermarkets.com\/#organization\"},\"potentialAction\":[{\"@type\":\"SearchAction\",\"target\":{\"@type\":\"EntryPoint\",\"urlTemplate\":\"https:\/\/westminstermarkets.com\/?s={search_term_string}\"},\"query-input\":{\"@type\":\"PropertyValueSpecification\",\"valueRequired\":true,\"valueName\":\"search_term_string\"}}],\"inLanguage\":\"vi\"},{\"@type\":\"Organization\",\"@id\":\"https:\/\/westminstermarkets.com\/#organization\",\"name\":\"Westminster Markets\",\"url\":\"https:\/\/westminstermarkets.com\/\",\"logo\":{\"@type\":\"ImageObject\",\"inLanguage\":\"vi\",\"@id\":\"https:\/\/westminstermarkets.com\/#\/schema\/logo\/image\/\",\"url\":\"https:\/\/westminstermarkets.com\/wp-content\/uploads\/2024\/06\/full-logo-for-light-bg.png\",\"contentUrl\":\"https:\/\/westminstermarkets.com\/wp-content\/uploads\/2024\/06\/full-logo-for-light-bg.png\",\"width\":876,\"height\":256,\"caption\":\"Westminster Markets\"},\"image\":{\"@id\":\"https:\/\/westminstermarkets.com\/#\/schema\/logo\/image\/\"}}]}<\/script>\n<!-- \/ Yoast SEO plugin. -->","yoast_head_json":{"title":"Swap - Westminster Markets","robots":{"index":"index","follow":"follow","max-snippet":"max-snippet:-1","max-image-preview":"max-image-preview:large","max-video-preview":"max-video-preview:-1"},"canonical":"https:\/\/westminstermarkets.com\/vi\/swap\/","og_locale":"vi_VN","og_type":"article","og_title":"Swap - Westminster Markets","og_description":"What is a Swap ? What are platform Swap Rate ? Swap rates are the interest rate differentials embedded in currency trades. To put it more simply, consider how a forex trade works: you borrow one currency to buy another. For instance, if you are buying EUR\/USD, you are borrowing US dollars and buying euros [&hellip;]","og_url":"https:\/\/westminstermarkets.com\/vi\/swap\/","og_site_name":"Westminster Markets","article_modified_time":"2024-10-03T06:39:25+00:00","twitter_card":"summary_large_image","twitter_misc":{"\u01af\u1edbc t\u00ednh th\u1eddi gian \u0111\u1ecdc":"1 ph\u00fat"},"schema":{"@context":"https:\/\/schema.org","@graph":[{"@type":"WebPage","@id":"https:\/\/westminstermarkets.com\/vi\/swap\/","url":"https:\/\/westminstermarkets.com\/vi\/swap\/","name":"Swap - Westminster Markets","isPartOf":{"@id":"https:\/\/westminstermarkets.com\/#website"},"datePublished":"2024-06-30T04:25:17+00:00","dateModified":"2024-10-03T06:39:25+00:00","breadcrumb":{"@id":"https:\/\/westminstermarkets.com\/vi\/swap\/#breadcrumb"},"inLanguage":"vi","potentialAction":[{"@type":"ReadAction","target":["https:\/\/westminstermarkets.com\/vi\/swap\/"]}]},{"@type":"BreadcrumbList","@id":"https:\/\/westminstermarkets.com\/vi\/swap\/#breadcrumb","itemListElement":[{"@type":"ListItem","position":1,"name":"Home","item":"https:\/\/westminstermarkets.com\/"},{"@type":"ListItem","position":2,"name":"Swap"}]},{"@type":"WebSite","@id":"https:\/\/westminstermarkets.com\/#website","url":"https:\/\/westminstermarkets.com\/","name":"Westminster Markets","description":"","publisher":{"@id":"https:\/\/westminstermarkets.com\/#organization"},"potentialAction":[{"@type":"SearchAction","target":{"@type":"EntryPoint","urlTemplate":"https:\/\/westminstermarkets.com\/?s={search_term_string}"},"query-input":{"@type":"PropertyValueSpecification","valueRequired":true,"valueName":"search_term_string"}}],"inLanguage":"vi"},{"@type":"Organization","@id":"https:\/\/westminstermarkets.com\/#organization","name":"Westminster Markets","url":"https:\/\/westminstermarkets.com\/","logo":{"@type":"ImageObject","inLanguage":"vi","@id":"https:\/\/westminstermarkets.com\/#\/schema\/logo\/image\/","url":"https:\/\/westminstermarkets.com\/wp-content\/uploads\/2024\/06\/full-logo-for-light-bg.png","contentUrl":"https:\/\/westminstermarkets.com\/wp-content\/uploads\/2024\/06\/full-logo-for-light-bg.png","width":876,"height":256,"caption":"Westminster Markets"},"image":{"@id":"https:\/\/westminstermarkets.com\/#\/schema\/logo\/image\/"}}]}},"_links":{"self":[{"href":"https:\/\/westminstermarkets.com\/vi\/wp-json\/wp\/v2\/pages\/1073","targetHints":{"allow":["GET"]}}],"collection":[{"href":"https:\/\/westminstermarkets.com\/vi\/wp-json\/wp\/v2\/pages"}],"about":[{"href":"https:\/\/westminstermarkets.com\/vi\/wp-json\/wp\/v2\/types\/page"}],"author":[{"embeddable":true,"href":"https:\/\/westminstermarkets.com\/vi\/wp-json\/wp\/v2\/users\/1"}],"replies":[{"embeddable":true,"href":"https:\/\/westminstermarkets.com\/vi\/wp-json\/wp\/v2\/comments?post=1073"}],"version-history":[{"count":31,"href":"https:\/\/westminstermarkets.com\/vi\/wp-json\/wp\/v2\/pages\/1073\/revisions"}],"predecessor-version":[{"id":1562,"href":"https:\/\/westminstermarkets.com\/vi\/wp-json\/wp\/v2\/pages\/1073\/revisions\/1562"}],"wp:attachment":[{"href":"https:\/\/westminstermarkets.com\/vi\/wp-json\/wp\/v2\/media?parent=1073"}],"curies":[{"name":"wp","href":"https:\/\/api.w.org\/{rel}","templated":true}]}}