{"id":518,"date":"2024-06-23T23:19:51","date_gmt":"2024-06-23T16:19:51","guid":{"rendered":"https:\/\/westminstermarkets.com\/?page_id=518"},"modified":"2024-10-03T16:37:07","modified_gmt":"2024-10-03T09:37:07","slug":"company-history","status":"publish","type":"page","link":"https:\/\/westminstermarkets.com\/vi\/company-history\/","title":{"rendered":"L\u1ecbch s\u1eed c\u00f4ng ty"},"content":{"rendered":"<div data-elementor-type=\"wp-page\" data-elementor-id=\"518\" class=\"elementor elementor-518\" data-elementor-post-type=\"page\">\n\t\t\t\t<div class=\"elementor-element elementor-element-2b5f16b e-con-full e-flex e-con e-parent\" data-id=\"2b5f16b\" data-element_type=\"container\" data-settings=\"{&quot;background_background&quot;:&quot;classic&quot;}\">\n\t\t<div class=\"elementor-element elementor-element-d162209 e-flex e-con-boxed e-con e-child\" data-id=\"d162209\" data-element_type=\"container\">\n\t\t\t\t\t<div class=\"e-con-inner\">\n\t\t\t\t<div class=\"elementor-element elementor-element-7ab1270 elementor-invisible elementor-widget elementor-widget-heading\" data-id=\"7ab1270\" data-element_type=\"widget\" data-settings=\"{&quot;_animation&quot;:&quot;fadeInUp&quot;}\" data-widget_type=\"heading.default\">\n\t\t\t\t<div class=\"elementor-widget-container\">\n\t\t\t<style>\/*! elementor - v3.21.0 - 26-05-2024 *\/\n.elementor-heading-title{padding:0;margin:0;line-height:1}.elementor-widget-heading .elementor-heading-title[class*=elementor-size-]>a{color:inherit;font-size:inherit;line-height:inherit}.elementor-widget-heading .elementor-heading-title.elementor-size-small{font-size:15px}.elementor-widget-heading .elementor-heading-title.elementor-size-medium{font-size:19px}.elementor-widget-heading .elementor-heading-title.elementor-size-large{font-size:29px}.elementor-widget-heading .elementor-heading-title.elementor-size-xl{font-size:39px}.elementor-widget-heading .elementor-heading-title.elementor-size-xxl{font-size:59px}<\/style><h2 class=\"elementor-heading-title elementor-size-default\">L\u1ecbch s\u1eed c\u00f4ng ty<\/h2>\t\t<\/div>\n\t\t\t\t<\/div>\n\t\t\t\t<div class=\"elementor-element elementor-element-d0d6e0f elementor-widget__width-initial elementor-invisible elementor-widget elementor-widget-text-editor\" data-id=\"d0d6e0f\" data-element_type=\"widget\" data-settings=\"{&quot;_animation&quot;:&quot;fadeInUp&quot;,&quot;_animation_delay&quot;:300}\" data-widget_type=\"text-editor.default\">\n\t\t\t\t<div class=\"elementor-widget-container\">\n\t\t\t<style>\/*! elementor - v3.21.0 - 26-05-2024 *\/\n.elementor-widget-text-editor.elementor-drop-cap-view-stacked .elementor-drop-cap{background-color:#69727d;color:#fff}.elementor-widget-text-editor.elementor-drop-cap-view-framed .elementor-drop-cap{color:#69727d;border:3px solid;background-color:transparent}.elementor-widget-text-editor:not(.elementor-drop-cap-view-default) .elementor-drop-cap{margin-top:8px}.elementor-widget-text-editor:not(.elementor-drop-cap-view-default) .elementor-drop-cap-letter{width:1em;height:1em}.elementor-widget-text-editor .elementor-drop-cap{float:left;text-align:center;line-height:1;font-size:50px}.elementor-widget-text-editor .elementor-drop-cap-letter{display:inline-block}<\/style>\t\t\t\t<p><span data-sheets-root=\"1\">Westminter Markets is professional trading brand of company Westminter INVESTMENTS (UK) LIMITED is a Limited Liability Company ( 02721309) that is registered in United Kingdom since 1992. Westminter Markets is a powerful investment house specializing in FX, stocks, bonds, insurance and global financial services.<\/span><\/p><div class=\"btn-bubble-icon\">\u00a0<\/div>\t\t\t\t\t\t<\/div>\n\t\t\t\t<\/div>\n\t\t\t\t\t<\/div>\n\t\t\t\t<\/div>\n\t\t\t\t<\/div>\n\t\t<div class=\"elementor-element elementor-element-75151ca e-flex e-con-boxed e-con e-parent\" data-id=\"75151ca\" data-element_type=\"container\" data-settings=\"{&quot;background_background&quot;:&quot;classic&quot;}\">\n\t\t\t\t\t<div class=\"e-con-inner\">\n\t\t<div class=\"elementor-element elementor-element-13296f7 e-con-full e-flex elementor-invisible e-con e-child\" data-id=\"13296f7\" data-element_type=\"container\" data-settings=\"{&quot;animation&quot;:&quot;fadeInUp&quot;}\">\n\t\t\t\t<div class=\"elementor-element elementor-element-b87f33f elementor-widget elementor-widget-text-editor\" data-id=\"b87f33f\" data-element_type=\"widget\" data-widget_type=\"text-editor.default\">\n\t\t\t\t<div class=\"elementor-widget-container\">\n\t\t\t\t\t\t\t<p><span data-sheets-root=\"1\">Ch\u00fang t\u00f4i l\u00e0m vi\u1ec7c v\u1edbi c\u00e1c nh\u00e0 \u0111\u1ea7u t\u01b0 c\u00e1 nh\u00e2n c\u0169ng nh\u01b0 t\u1ed5 ch\u1ee9c, cung c\u1ea5p c\u00e1c d\u1ecbch v\u1ee5 c\u00f3 m\u1ed9t kh\u00f4ng hai cho kh\u00e1ch h\u00e0ng tr\u00ean to\u00e0n c\u1ea7u. Westminter Markets \u0111\u01b0\u1ee3c th\u00e0nh l\u1eadp b\u1edfi c\u00e1c nh\u00e0 giao d\u1ecbch c\u00f3 kinh nghi\u1ec7m, th\u1ea5t v\u1ecdng v\u00ec nh\u1eefng thi\u1ebfu s\u00f3t c\u1ee7a c\u00e1c nh\u00e0 m\u00f4i gi\u1edbi kh\u00e1c. C\u00e1c nh\u00e0 \u0111\u1ea7u t\u01b0 \u0111ang \u0111\u1ed5 x\u00f4 \u0111\u1ebfn Westminter Markets \u0111\u1ec3 t\u1eadn d\u1ee5ng c\u00e1c d\u1ecbch v\u1ee5 cao c\u1ea5p c\u1ee7a ch\u00fang t\u00f4i:<br \/><\/span><\/p><div class=\"btn-bubble-icon\">\u00a0<\/div>\t\t\t\t\t\t<\/div>\n\t\t\t\t<\/div>\n\t\t\t\t<\/div>\n\t\t<div class=\"elementor-element elementor-element-785c7d2 e-con-full e-flex e-con e-child\" data-id=\"785c7d2\" data-element_type=\"container\">\n\t\t<div class=\"elementor-element elementor-element-b0c510e e-grid e-con-full elementor-invisible e-con e-child\" data-id=\"b0c510e\" data-element_type=\"container\" data-settings=\"{&quot;animation&quot;:&quot;fadeInRight&quot;,&quot;animation_delay&quot;:400}\">\n\t\t\t\t<div class=\"elementor-element elementor-element-782d756 elementor-position-left elementor-vertical-align-middle elementor-position-left elementor-vertical-align-middle elementor-widget elementor-widget-image-box\" data-id=\"782d756\" data-element_type=\"widget\" data-widget_type=\"image-box.default\">\n\t\t\t\t<div class=\"elementor-widget-container\">\n\t\t\t<style>.elementor-widget-image-box .elementor-image-box-content{width:100%}@media (min-width:526px){.elementor-widget-image-box.elementor-position-left .elementor-image-box-wrapper,.elementor-widget-image-box.elementor-position-right .elementor-image-box-wrapper{display:flex}.elementor-widget-image-box.elementor-position-right .elementor-image-box-wrapper{text-align:end;flex-direction:row-reverse}.elementor-widget-image-box.elementor-position-left .elementor-image-box-wrapper{text-align:start;flex-direction:row}.elementor-widget-image-box.elementor-position-top .elementor-image-box-img{margin:auto}.elementor-widget-image-box.elementor-vertical-align-top .elementor-image-box-wrapper{align-items:flex-start}.elementor-widget-image-box.elementor-vertical-align-middle .elementor-image-box-wrapper{align-items:center}.elementor-widget-image-box.elementor-vertical-align-bottom .elementor-image-box-wrapper{align-items:flex-end}}@media (max-width:525px){.elementor-widget-image-box .elementor-image-box-img{margin-left:auto!important;margin-right:auto!important;margin-bottom:15px}}.elementor-widget-image-box .elementor-image-box-img{display:inline-block}.elementor-widget-image-box .elementor-image-box-title a{color:inherit}.elementor-widget-image-box .elementor-image-box-wrapper{text-align:center}.elementor-widget-image-box .elementor-image-box-description{margin:0}<\/style><div class=\"elementor-image-box-wrapper\"><figure class=\"elementor-image-box-img\"><img decoding=\"async\" width=\"42\" height=\"42\" src=\"https:\/\/westminstermarkets.com\/wp-content\/uploads\/2024\/06\/ico_check.png\" class=\"attachment-full size-full wp-image-39\" alt=\"\" srcset=\"https:\/\/westminstermarkets.com\/wp-content\/uploads\/2024\/06\/ico_check.png 42w, https:\/\/westminstermarkets.com\/wp-content\/uploads\/2024\/06\/ico_check-12x12.png 12w\" sizes=\"(max-width: 42px) 100vw, 42px\" \/><\/figure><div class=\"elementor-image-box-content\"><span class=\"elementor-image-box-title\">R\u00fat ti\u1ec1n ngay l\u1eadp t\u1ee9c<\/span><\/div><\/div>\t\t<\/div>\n\t\t\t\t<\/div>\n\t\t\t\t<div class=\"elementor-element elementor-element-47ba171 elementor-position-left elementor-vertical-align-middle elementor-position-left elementor-widget elementor-widget-image-box\" data-id=\"47ba171\" data-element_type=\"widget\" data-widget_type=\"image-box.default\">\n\t\t\t\t<div class=\"elementor-widget-container\">\n\t\t\t<div class=\"elementor-image-box-wrapper\"><figure class=\"elementor-image-box-img\"><img decoding=\"async\" width=\"42\" height=\"42\" src=\"https:\/\/westminstermarkets.com\/wp-content\/uploads\/2024\/06\/ico_check.png\" class=\"attachment-full size-full wp-image-39\" alt=\"\" srcset=\"https:\/\/westminstermarkets.com\/wp-content\/uploads\/2024\/06\/ico_check.png 42w, https:\/\/westminstermarkets.com\/wp-content\/uploads\/2024\/06\/ico_check-12x12.png 12w\" sizes=\"(max-width: 42px) 100vw, 42px\" \/><\/figure><div class=\"elementor-image-box-content\"><span class=\"elementor-image-box-title\">C\u00e1c nh\u00e0 \u0111\u1ea7u t\u01b0 th\u1ecb tr\u01b0\u1eddng ti\u1ec1n t\u1ec7 c\u00f3 kinh nghi\u1ec7m s\u1eb5n s\u00e0ng tr\u1ea3 l\u1eddi c\u00e1c c\u00e2u h\u1ecfi c\u1ee7a b\u1ea1n v\u1ec1 th\u1ecb tr\u01b0\u1eddng<\/span><\/div><\/div>\t\t<\/div>\n\t\t\t\t<\/div>\n\t\t\t\t<div class=\"elementor-element elementor-element-59914c5 elementor-position-left elementor-vertical-align-middle elementor-widget elementor-widget-image-box\" data-id=\"59914c5\" data-element_type=\"widget\" data-widget_type=\"image-box.default\">\n\t\t\t\t<div class=\"elementor-widget-container\">\n\t\t\t<div class=\"elementor-image-box-wrapper\"><figure class=\"elementor-image-box-img\"><img decoding=\"async\" width=\"42\" height=\"42\" src=\"https:\/\/westminstermarkets.com\/wp-content\/uploads\/2024\/06\/ico_check.png\" class=\"attachment-full size-full wp-image-39\" alt=\"\" srcset=\"https:\/\/westminstermarkets.com\/wp-content\/uploads\/2024\/06\/ico_check.png 42w, https:\/\/westminstermarkets.com\/wp-content\/uploads\/2024\/06\/ico_check-12x12.png 12w\" sizes=\"(max-width: 42px) 100vw, 42px\" \/><\/figure><div class=\"elementor-image-box-content\"><span class=\"elementor-image-box-title\">Ph\u01b0\u01a1ng ph\u00e1p n\u1ea1p r\u00fat thu\u1eadn ti\u1ec7n<\/span><\/div><\/div>\t\t<\/div>\n\t\t\t\t<\/div>\n\t\t\t\t<\/div>\n\t\t\t\t<\/div>\n\t\t\t\t\t<\/div>\n\t\t\t\t<\/div>\n\t\t\t\t<\/div>","protected":false},"excerpt":{"rendered":"<p>Company History Westminter Markets is professional trading brand of company Westminter INVESTMENTS (UK) LIMITED is a Limited Liability Company ( 02721309) that is registered in United Kingdom since 1992. Westminter Markets is a powerful investment house specializing in FX, stocks, bonds, insurance and global financial services. \u00a0 We work with retail traders and institutional traders [&hellip;]<\/p>","protected":false},"author":1,"featured_media":0,"parent":0,"menu_order":0,"comment_status":"closed","ping_status":"closed","template":"","meta":{"footnotes":""},"class_list":["post-518","page","type-page","status-publish","hentry"],"yoast_head":"<!-- This site is optimized with the Yoast SEO plugin v24.7 - https:\/\/yoast.com\/wordpress\/plugins\/seo\/ -->\n<title>Company History - Westminster Markets<\/title>\n<meta name=\"robots\" content=\"index, follow, max-snippet:-1, max-image-preview:large, max-video-preview:-1\" \/>\n<link rel=\"canonical\" href=\"https:\/\/westminstermarkets.com\/vi\/company-history\/\" \/>\n<meta property=\"og:locale\" content=\"vi_VN\" \/>\n<meta property=\"og:type\" content=\"article\" \/>\n<meta property=\"og:title\" content=\"Company History - Westminster Markets\" \/>\n<meta property=\"og:description\" content=\"Company History Westminter Markets is professional trading brand of company Westminter INVESTMENTS (UK) LIMITED is a Limited Liability Company ( 02721309) that is registered in United Kingdom since 1992. Westminter Markets is a powerful investment house specializing in FX, stocks, bonds, insurance and global financial services. \u00a0 We work with retail traders and institutional traders [&hellip;]\" \/>\n<meta property=\"og:url\" content=\"https:\/\/westminstermarkets.com\/vi\/company-history\/\" \/>\n<meta property=\"og:site_name\" content=\"Westminster Markets\" \/>\n<meta property=\"article:modified_time\" content=\"2024-10-03T09:37:07+00:00\" \/>\n<meta property=\"og:image\" content=\"https:\/\/westminstermarkets.com\/wp-content\/uploads\/2024\/06\/ico_check.png\" \/>\n<meta name=\"twitter:card\" content=\"summary_large_image\" \/>\n<meta name=\"twitter:label1\" content=\"\u01af\u1edbc t\u00ednh th\u1eddi gian \u0111\u1ecdc\" \/>\n\t<meta name=\"twitter:data1\" content=\"1 ph\u00fat\" \/>\n<script type=\"application\/ld+json\" class=\"yoast-schema-graph\">{\"@context\":\"https:\/\/schema.org\",\"@graph\":[{\"@type\":\"WebPage\",\"@id\":\"https:\/\/westminstermarkets.com\/company-history\/\",\"url\":\"https:\/\/westminstermarkets.com\/company-history\/\",\"name\":\"Company History - Westminster Markets\",\"isPartOf\":{\"@id\":\"https:\/\/westminstermarkets.com\/#website\"},\"primaryImageOfPage\":{\"@id\":\"https:\/\/westminstermarkets.com\/company-history\/#primaryimage\"},\"image\":{\"@id\":\"https:\/\/westminstermarkets.com\/company-history\/#primaryimage\"},\"thumbnailUrl\":\"https:\/\/westminstermarkets.com\/wp-content\/uploads\/2024\/06\/ico_check.png\",\"datePublished\":\"2024-06-23T16:19:51+00:00\",\"dateModified\":\"2024-10-03T09:37:07+00:00\",\"breadcrumb\":{\"@id\":\"https:\/\/westminstermarkets.com\/company-history\/#breadcrumb\"},\"inLanguage\":\"vi\",\"potentialAction\":[{\"@type\":\"ReadAction\",\"target\":[\"https:\/\/westminstermarkets.com\/company-history\/\"]}]},{\"@type\":\"ImageObject\",\"inLanguage\":\"vi\",\"@id\":\"https:\/\/westminstermarkets.com\/company-history\/#primaryimage\",\"url\":\"https:\/\/westminstermarkets.com\/wp-content\/uploads\/2024\/06\/ico_check.png\",\"contentUrl\":\"https:\/\/westminstermarkets.com\/wp-content\/uploads\/2024\/06\/ico_check.png\"},{\"@type\":\"BreadcrumbList\",\"@id\":\"https:\/\/westminstermarkets.com\/company-history\/#breadcrumb\",\"itemListElement\":[{\"@type\":\"ListItem\",\"position\":1,\"name\":\"Home\",\"item\":\"https:\/\/westminstermarkets.com\/\"},{\"@type\":\"ListItem\",\"position\":2,\"name\":\"Company History\"}]},{\"@type\":\"WebSite\",\"@id\":\"https:\/\/westminstermarkets.com\/#website\",\"url\":\"https:\/\/westminstermarkets.com\/\",\"name\":\"Westminster Markets\",\"description\":\"\",\"publisher\":{\"@id\":\"https:\/\/westminstermarkets.com\/#organization\"},\"potentialAction\":[{\"@type\":\"SearchAction\",\"target\":{\"@type\":\"EntryPoint\",\"urlTemplate\":\"https:\/\/westminstermarkets.com\/?s={search_term_string}\"},\"query-input\":{\"@type\":\"PropertyValueSpecification\",\"valueRequired\":true,\"valueName\":\"search_term_string\"}}],\"inLanguage\":\"vi\"},{\"@type\":\"Organization\",\"@id\":\"https:\/\/westminstermarkets.com\/#organization\",\"name\":\"Westminster Markets\",\"url\":\"https:\/\/westminstermarkets.com\/\",\"logo\":{\"@type\":\"ImageObject\",\"inLanguage\":\"vi\",\"@id\":\"https:\/\/westminstermarkets.com\/#\/schema\/logo\/image\/\",\"url\":\"https:\/\/westminstermarkets.com\/wp-content\/uploads\/2024\/06\/full-logo-for-light-bg.png\",\"contentUrl\":\"https:\/\/westminstermarkets.com\/wp-content\/uploads\/2024\/06\/full-logo-for-light-bg.png\",\"width\":876,\"height\":256,\"caption\":\"Westminster Markets\"},\"image\":{\"@id\":\"https:\/\/westminstermarkets.com\/#\/schema\/logo\/image\/\"}}]}<\/script>\n<!-- \/ Yoast SEO plugin. -->","yoast_head_json":{"title":"Company History - Westminster Markets","robots":{"index":"index","follow":"follow","max-snippet":"max-snippet:-1","max-image-preview":"max-image-preview:large","max-video-preview":"max-video-preview:-1"},"canonical":"https:\/\/westminstermarkets.com\/vi\/company-history\/","og_locale":"vi_VN","og_type":"article","og_title":"Company History - Westminster Markets","og_description":"Company History Westminter Markets is professional trading brand of company Westminter INVESTMENTS (UK) LIMITED is a Limited Liability Company ( 02721309) that is registered in United Kingdom since 1992. Westminter Markets is a powerful investment house specializing in FX, stocks, bonds, insurance and global financial services. \u00a0 We work with retail traders and institutional traders [&hellip;]","og_url":"https:\/\/westminstermarkets.com\/vi\/company-history\/","og_site_name":"Westminster Markets","article_modified_time":"2024-10-03T09:37:07+00:00","og_image":[{"url":"https:\/\/westminstermarkets.com\/wp-content\/uploads\/2024\/06\/ico_check.png","type":"","width":"","height":""}],"twitter_card":"summary_large_image","twitter_misc":{"\u01af\u1edbc t\u00ednh th\u1eddi gian \u0111\u1ecdc":"1 ph\u00fat"},"schema":{"@context":"https:\/\/schema.org","@graph":[{"@type":"WebPage","@id":"https:\/\/westminstermarkets.com\/company-history\/","url":"https:\/\/westminstermarkets.com\/company-history\/","name":"Company History - Westminster Markets","isPartOf":{"@id":"https:\/\/westminstermarkets.com\/#website"},"primaryImageOfPage":{"@id":"https:\/\/westminstermarkets.com\/company-history\/#primaryimage"},"image":{"@id":"https:\/\/westminstermarkets.com\/company-history\/#primaryimage"},"thumbnailUrl":"https:\/\/westminstermarkets.com\/wp-content\/uploads\/2024\/06\/ico_check.png","datePublished":"2024-06-23T16:19:51+00:00","dateModified":"2024-10-03T09:37:07+00:00","breadcrumb":{"@id":"https:\/\/westminstermarkets.com\/company-history\/#breadcrumb"},"inLanguage":"vi","potentialAction":[{"@type":"ReadAction","target":["https:\/\/westminstermarkets.com\/company-history\/"]}]},{"@type":"ImageObject","inLanguage":"vi","@id":"https:\/\/westminstermarkets.com\/company-history\/#primaryimage","url":"https:\/\/westminstermarkets.com\/wp-content\/uploads\/2024\/06\/ico_check.png","contentUrl":"https:\/\/westminstermarkets.com\/wp-content\/uploads\/2024\/06\/ico_check.png"},{"@type":"BreadcrumbList","@id":"https:\/\/westminstermarkets.com\/company-history\/#breadcrumb","itemListElement":[{"@type":"ListItem","position":1,"name":"Home","item":"https:\/\/westminstermarkets.com\/"},{"@type":"ListItem","position":2,"name":"Company History"}]},{"@type":"WebSite","@id":"https:\/\/westminstermarkets.com\/#website","url":"https:\/\/westminstermarkets.com\/","name":"Westminster Markets","description":"","publisher":{"@id":"https:\/\/westminstermarkets.com\/#organization"},"potentialAction":[{"@type":"SearchAction","target":{"@type":"EntryPoint","urlTemplate":"https:\/\/westminstermarkets.com\/?s={search_term_string}"},"query-input":{"@type":"PropertyValueSpecification","valueRequired":true,"valueName":"search_term_string"}}],"inLanguage":"vi"},{"@type":"Organization","@id":"https:\/\/westminstermarkets.com\/#organization","name":"Westminster Markets","url":"https:\/\/westminstermarkets.com\/","logo":{"@type":"ImageObject","inLanguage":"vi","@id":"https:\/\/westminstermarkets.com\/#\/schema\/logo\/image\/","url":"https:\/\/westminstermarkets.com\/wp-content\/uploads\/2024\/06\/full-logo-for-light-bg.png","contentUrl":"https:\/\/westminstermarkets.com\/wp-content\/uploads\/2024\/06\/full-logo-for-light-bg.png","width":876,"height":256,"caption":"Westminster Markets"},"image":{"@id":"https:\/\/westminstermarkets.com\/#\/schema\/logo\/image\/"}}]}},"_links":{"self":[{"href":"https:\/\/westminstermarkets.com\/vi\/wp-json\/wp\/v2\/pages\/518","targetHints":{"allow":["GET"]}}],"collection":[{"href":"https:\/\/westminstermarkets.com\/vi\/wp-json\/wp\/v2\/pages"}],"about":[{"href":"https:\/\/westminstermarkets.com\/vi\/wp-json\/wp\/v2\/types\/page"}],"author":[{"embeddable":true,"href":"https:\/\/westminstermarkets.com\/vi\/wp-json\/wp\/v2\/users\/1"}],"replies":[{"embeddable":true,"href":"https:\/\/westminstermarkets.com\/vi\/wp-json\/wp\/v2\/comments?post=518"}],"version-history":[{"count":64,"href":"https:\/\/westminstermarkets.com\/vi\/wp-json\/wp\/v2\/pages\/518\/revisions"}],"predecessor-version":[{"id":1582,"href":"https:\/\/westminstermarkets.com\/vi\/wp-json\/wp\/v2\/pages\/518\/revisions\/1582"}],"wp:attachment":[{"href":"https:\/\/westminstermarkets.com\/vi\/wp-json\/wp\/v2\/media?parent=518"}],"curies":[{"name":"wp","href":"https:\/\/api.w.org\/{rel}","templated":true}]}}