{"id":605,"date":"2024-06-24T23:26:23","date_gmt":"2024-06-24T16:26:23","guid":{"rendered":"https:\/\/westminstermarkets.com\/?page_id=605"},"modified":"2024-10-03T13:26:19","modified_gmt":"2024-10-03T06:26:19","slug":"trading-accounts","status":"publish","type":"page","link":"https:\/\/westminstermarkets.com\/vi\/trading-accounts\/","title":{"rendered":"T\u00e0i kho\u1ea3n giao d\u1ecbch"},"content":{"rendered":"<div data-elementor-type=\"wp-page\" data-elementor-id=\"605\" class=\"elementor elementor-605\" data-elementor-post-type=\"page\">\n\t\t\t\t<div class=\"elementor-element elementor-element-6bedd29 e-flex e-con-boxed e-con e-parent\" data-id=\"6bedd29\" data-element_type=\"container\" data-settings=\"{&quot;background_background&quot;:&quot;classic&quot;}\">\n\t\t\t\t\t<div class=\"e-con-inner\">\n\t\t\t\t<div class=\"elementor-element elementor-element-efff0b0 elementor-invisible elementor-widget elementor-widget-heading\" data-id=\"efff0b0\" data-element_type=\"widget\" data-settings=\"{&quot;_animation&quot;:&quot;fadeInUp&quot;}\" data-widget_type=\"heading.default\">\n\t\t\t\t<div class=\"elementor-widget-container\">\n\t\t\t<style>\/*! elementor - v3.21.0 - 26-05-2024 *\/\n.elementor-heading-title{padding:0;margin:0;line-height:1}.elementor-widget-heading .elementor-heading-title[class*=elementor-size-]>a{color:inherit;font-size:inherit;line-height:inherit}.elementor-widget-heading .elementor-heading-title.elementor-size-small{font-size:15px}.elementor-widget-heading .elementor-heading-title.elementor-size-medium{font-size:19px}.elementor-widget-heading .elementor-heading-title.elementor-size-large{font-size:29px}.elementor-widget-heading .elementor-heading-title.elementor-size-xl{font-size:39px}.elementor-widget-heading .elementor-heading-title.elementor-size-xxl{font-size:59px}<\/style><h2 class=\"elementor-heading-title elementor-size-default translation-block\">T\u00e0i kho\u1ea3n <span class=\"blue\">giao d\u1ecbch<\/span><\/h2>\t\t<\/div>\n\t\t\t\t<\/div>\n\t\t\t\t\t<\/div>\n\t\t\t\t<\/div>\n\t\t<div class=\"elementor-element elementor-element-9d9dea8 e-flex e-con-boxed e-con e-parent\" data-id=\"9d9dea8\" data-element_type=\"container\" data-settings=\"{&quot;background_background&quot;:&quot;classic&quot;}\">\n\t\t\t\t\t<div class=\"e-con-inner\">\n\t\t<div class=\"elementor-element elementor-element-45d46ce e-grid e-con-full e-con e-child\" data-id=\"45d46ce\" data-element_type=\"container\">\n\t\t<div class=\"elementor-element elementor-element-dbfa4c6 e-con-full e-flex elementor-invisible e-con e-child\" data-id=\"dbfa4c6\" data-element_type=\"container\" data-settings=\"{&quot;background_background&quot;:&quot;classic&quot;,&quot;animation&quot;:&quot;fadeInUp&quot;}\">\n\t\t<div class=\"elementor-element elementor-element-9555cf9 e-con-full e-flex e-con e-child\" data-id=\"9555cf9\" data-element_type=\"container\">\n\t\t\t\t<div class=\"elementor-element elementor-element-d9a2d08 elementor-widget elementor-widget-heading\" data-id=\"d9a2d08\" data-element_type=\"widget\" data-widget_type=\"heading.default\">\n\t\t\t\t<div class=\"elementor-widget-container\">\n\t\t\t<h3 class=\"elementor-heading-title elementor-size-default\">B\u1ea1c<\/h3>\t\t<\/div>\n\t\t\t\t<\/div>\n\t\t\t\t<div class=\"elementor-element elementor-element-bf77e42 elementor-widget elementor-widget-text-editor\" data-id=\"bf77e42\" data-element_type=\"widget\" data-widget_type=\"text-editor.default\">\n\t\t\t\t<div class=\"elementor-widget-container\">\n\t\t\t<style>\/*! elementor - v3.21.0 - 26-05-2024 *\/\n.elementor-widget-text-editor.elementor-drop-cap-view-stacked .elementor-drop-cap{background-color:#69727d;color:#fff}.elementor-widget-text-editor.elementor-drop-cap-view-framed .elementor-drop-cap{color:#69727d;border:3px solid;background-color:transparent}.elementor-widget-text-editor:not(.elementor-drop-cap-view-default) .elementor-drop-cap{margin-top:8px}.elementor-widget-text-editor:not(.elementor-drop-cap-view-default) .elementor-drop-cap-letter{width:1em;height:1em}.elementor-widget-text-editor .elementor-drop-cap{float:left;text-align:center;line-height:1;font-size:50px}.elementor-widget-text-editor .elementor-drop-cap-letter{display:inline-block}<\/style>\t\t\t\t<p>D\u00e0nh cho c\u00e1c nh\u00f3m kh\u1edfi nghi\u1ec7p nh\u1ecf c\u00f3 \u00edt h\u01a1n 10 th\u00e0nh vi\u00ean trong nh\u00f3m<\/p>\t\t\t\t\t\t<\/div>\n\t\t\t\t<\/div>\n\t\t\t\t<div class=\"elementor-element elementor-element-8cbf33c elementor-widget elementor-widget-text-editor\" data-id=\"8cbf33c\" data-element_type=\"widget\" data-widget_type=\"text-editor.default\">\n\t\t\t\t<div class=\"elementor-widget-container\">\n\t\t\t\t\t\t\t<p><strong>$100<\/strong>\/Ti\u1ec1n g\u1eedi t\u1ed1i thi\u1ec3u<\/p>\t\t\t\t\t\t<\/div>\n\t\t\t\t<\/div>\n\t\t\t\t<\/div>\n\t\t<div class=\"elementor-element elementor-element-b511d92 e-con-full e-flex e-con e-child\" data-id=\"b511d92\" data-element_type=\"container\">\n\t\t\t\t<div class=\"elementor-element elementor-element-85fe581 box_list elementor-widget elementor-widget-text-editor\" data-id=\"85fe581\" data-element_type=\"widget\" data-widget_type=\"text-editor.default\">\n\t\t\t\t<div class=\"elementor-widget-container\">\n\t\t\t\t\t\t\t<ul><li>\u0110\u00f2n b\u1ea9y 1:500<\/li><li>Th\u1ef1c hi\u1ec7n th\u1ecb tr\u01b0\u1eddng<\/li><li>S\u1ea3n ph\u1ea9m - th\u1ecb tr\u01b0\u1eddng ti\u1ec1n t\u1ec7, h\u00e0ng ho\u00e1, kim lo\u1ea1i v\u00e0 H\u1ee3p \u0111\u1ed3ng ch\u00eanh l\u1ec7ch<\/li><li>5 \u0111\u01a1n v\u1ecb sau d\u1ea5y ph\u1ea9y<\/li><li>Mi\u1ec5n ph\u00ed qua \u0111\u00eam - Kh\u00f4ng<\/li><li>Hoa h\u1ed3ng - Kh\u00f4ng<\/li><li>Platform: Westminster Markets Trader App<\/li><li>Lot ti\u00eau chu\u1ea9n - 65<\/li><li>G\u1ecdi k\u00fd qu\u1ef9 - 50%\/30%<\/li><\/ul><div class=\"btn-bubble-icon\">\u00a0<\/div>\t\t\t\t\t\t<\/div>\n\t\t\t\t<\/div>\n\t\t\t\t<div class=\"elementor-element elementor-element-55bb5c2 elementor-align-right elementor-mobile-align-center elementor-widget elementor-widget-bdt-advanced-button\" data-id=\"55bb5c2\" data-element_type=\"widget\" data-settings=\"{&quot;_animation&quot;:&quot;none&quot;}\" data-widget_type=\"bdt-advanced-button.default\">\n\t\t\t\t<div class=\"elementor-widget-container\">\n\t\t\t\t\t<div class=\"bdt-ep-button-wrapper\">\n\t\t\t<a href=\"#\" class=\"bdt-ep-button bdt-ep-button-effect-e bdt-ep-button-size-md\">\n\t\t\t\t\t\t<div class=\"bdt-ep-button-content-wrapper bdt-flex bdt-flex-middle bdt-flex-center\" data-text=\"Get Started\">\n\t\t\t\n\t\t\t<div class=\"bdt-ep-button-text\">\n\n\t\t\t\t<span class=\"avdbtn-text\">\n\t\t\t\t\tB\u1eaft \u0111\u1ea7u\t\t\t\t<\/span>\n\n\t\t\t\t\t\t\t<\/div>\n\n\t\t\t\n\t\t<\/div>\n\t\t\t\t\t<\/a>\n\t\t<\/div>\n\t\t\t\t<\/div>\n\t\t\t\t<\/div>\n\t\t\t\t<\/div>\n\t\t\t\t<\/div>\n\t\t<div class=\"elementor-element elementor-element-3fb15c7 e-con-full e-flex elementor-invisible e-con e-child\" data-id=\"3fb15c7\" data-element_type=\"container\" data-settings=\"{&quot;background_background&quot;:&quot;classic&quot;,&quot;animation&quot;:&quot;fadeInUp&quot;,&quot;animation_delay&quot;:200}\">\n\t\t<div class=\"elementor-element elementor-element-0325cd8 e-con-full e-flex e-con e-child\" data-id=\"0325cd8\" data-element_type=\"container\">\n\t\t\t\t<div class=\"elementor-element elementor-element-22821c3 elementor-widget elementor-widget-heading\" data-id=\"22821c3\" data-element_type=\"widget\" data-widget_type=\"heading.default\">\n\t\t\t\t<div class=\"elementor-widget-container\">\n\t\t\t<h3 class=\"elementor-heading-title elementor-size-default\">V\u00e0ng<\/h3>\t\t<\/div>\n\t\t\t\t<\/div>\n\t\t\t\t<div class=\"elementor-element elementor-element-fa62d5b elementor-widget elementor-widget-text-editor\" data-id=\"fa62d5b\" data-element_type=\"widget\" data-widget_type=\"text-editor.default\">\n\t\t\t\t<div class=\"elementor-widget-container\">\n\t\t\t\t\t\t\t<p>Th\u00edch h\u1ee3p cho c\u00e1c doanh nghi\u1ec7p c\u1ee1 trung b\u00ecnh v\u1edbi t\u1ed1i \u0111a 30 nh\u00e2n vi\u00ean<\/p>\t\t\t\t\t\t<\/div>\n\t\t\t\t<\/div>\n\t\t\t\t<div class=\"elementor-element elementor-element-63f3497 elementor-widget elementor-widget-text-editor\" data-id=\"63f3497\" data-element_type=\"widget\" data-widget_type=\"text-editor.default\">\n\t\t\t\t<div class=\"elementor-widget-container\">\n\t\t\t\t\t\t\t<p><strong>$500<\/strong>\/Ti\u1ec1n g\u1eedi t\u1ed1i thi\u1ec3u<\/p>\t\t\t\t\t\t<\/div>\n\t\t\t\t<\/div>\n\t\t\t\t<\/div>\n\t\t<div class=\"elementor-element elementor-element-04bb453 e-con-full e-flex e-con e-child\" data-id=\"04bb453\" data-element_type=\"container\">\n\t\t\t\t<div class=\"elementor-element elementor-element-1239d44 box_list elementor-widget elementor-widget-text-editor\" data-id=\"1239d44\" data-element_type=\"widget\" data-widget_type=\"text-editor.default\">\n\t\t\t\t<div class=\"elementor-widget-container\">\n\t\t\t\t\t\t\t<ul><li>\u0110\u00f2n b\u1ea9y 1:400<\/li><li>Th\u1ef1c hi\u1ec7n th\u1ecb tr\u01b0\u1eddng<\/li><li>S\u1ea3n ph\u1ea9m - th\u1ecb tr\u01b0\u1eddng ti\u1ec1n t\u1ec7, h\u00e0ng ho\u00e1, kim lo\u1ea1i v\u00e0 H\u1ee3p \u0111\u1ed3ng ch\u00eanh l\u1ec7ch<\/li><li>5 \u0111\u01a1n v\u1ecb sau d\u1ea5y ph\u1ea9y<\/li><li>Mi\u1ec5n ph\u00ed qua \u0111\u00eam - Kh\u00f4ng<\/li><li>Hoa h\u1ed3ng - Kh\u00f4ng<\/li><li>Platform: Westminster Markets Trader App<\/li><li>Lot ti\u00eau chu\u1ea9n - 65<\/li><li>G\u1ecdi k\u00fd qu\u1ef9 - 50%\/30%<\/li><\/ul><div class=\"btn-bubble-icon\">\u00a0<\/div>\t\t\t\t\t\t<\/div>\n\t\t\t\t<\/div>\n\t\t\t\t<div class=\"elementor-element elementor-element-0248594 elementor-align-right elementor-mobile-align-center elementor-widget elementor-widget-bdt-advanced-button\" data-id=\"0248594\" data-element_type=\"widget\" data-settings=\"{&quot;_animation&quot;:&quot;none&quot;}\" data-widget_type=\"bdt-advanced-button.default\">\n\t\t\t\t<div class=\"elementor-widget-container\">\n\t\t\t\t\t<div class=\"bdt-ep-button-wrapper\">\n\t\t\t<a href=\"#\" class=\"bdt-ep-button bdt-ep-button-effect-e bdt-ep-button-size-md\">\n\t\t\t\t\t\t<div class=\"bdt-ep-button-content-wrapper bdt-flex bdt-flex-middle bdt-flex-center\" data-text=\"Get Started\">\n\t\t\t\n\t\t\t<div class=\"bdt-ep-button-text\">\n\n\t\t\t\t<span class=\"avdbtn-text\">\n\t\t\t\t\tB\u1eaft \u0111\u1ea7u\t\t\t\t<\/span>\n\n\t\t\t\t\t\t\t<\/div>\n\n\t\t\t\n\t\t<\/div>\n\t\t\t\t\t<\/a>\n\t\t<\/div>\n\t\t\t\t<\/div>\n\t\t\t\t<\/div>\n\t\t\t\t<\/div>\n\t\t\t\t<\/div>\n\t\t<div class=\"elementor-element elementor-element-0c93d95 e-con-full e-flex elementor-invisible e-con e-child\" data-id=\"0c93d95\" data-element_type=\"container\" data-settings=\"{&quot;background_background&quot;:&quot;classic&quot;,&quot;animation&quot;:&quot;fadeInUp&quot;,&quot;animation_delay&quot;:400}\">\n\t\t<div class=\"elementor-element elementor-element-169a044 e-con-full e-flex e-con e-child\" data-id=\"169a044\" data-element_type=\"container\">\n\t\t\t\t<div class=\"elementor-element elementor-element-b640495 elementor-widget elementor-widget-heading\" data-id=\"b640495\" data-element_type=\"widget\" data-widget_type=\"heading.default\">\n\t\t\t\t<div class=\"elementor-widget-container\">\n\t\t\t<h3 class=\"elementor-heading-title elementor-size-default\">B\u1ea1ch kim.<\/h3>\t\t<\/div>\n\t\t\t\t<\/div>\n\t\t\t\t<div class=\"elementor-element elementor-element-0f1a755 elementor-widget elementor-widget-text-editor\" data-id=\"0f1a755\" data-element_type=\"widget\" data-widget_type=\"text-editor.default\">\n\t\t\t\t<div class=\"elementor-widget-container\">\n\t\t\t\t\t\t\t<p>D\u00e0nh cho b\u1ea5t k\u1ef3 t\u1eadp \u0111o\u00e0n l\u1edbn n\u00e0o, kh\u00f4ng gi\u1edbi h\u1ea1n s\u1ed1 l\u01b0\u1ee3ng th\u00e0nh vi\u00ean.<\/p>\t\t\t\t\t\t<\/div>\n\t\t\t\t<\/div>\n\t\t\t\t<div class=\"elementor-element elementor-element-27f8753 elementor-widget elementor-widget-text-editor\" data-id=\"27f8753\" data-element_type=\"widget\" data-widget_type=\"text-editor.default\">\n\t\t\t\t<div class=\"elementor-widget-container\">\n\t\t\t\t\t\t\t<p><strong>$5000<\/strong>\/Ti\u1ec1n g\u1eedi t\u1ed1i thi\u1ec3u<\/p>\t\t\t\t\t\t<\/div>\n\t\t\t\t<\/div>\n\t\t\t\t<\/div>\n\t\t<div class=\"elementor-element elementor-element-fcc3a1a e-con-full e-flex e-con e-child\" data-id=\"fcc3a1a\" data-element_type=\"container\">\n\t\t\t\t<div class=\"elementor-element elementor-element-b44520d box_list elementor-widget elementor-widget-text-editor\" data-id=\"b44520d\" data-element_type=\"widget\" data-widget_type=\"text-editor.default\">\n\t\t\t\t<div class=\"elementor-widget-container\">\n\t\t\t\t\t\t\t<ul><li>\u0111\u00f2n b\u1ea9y 1:300<\/li><li>Th\u1ef1c hi\u1ec7n th\u1ecb tr\u01b0\u1eddng<\/li><li>S\u1ea3n ph\u1ea9m - th\u1ecb tr\u01b0\u1eddng ti\u1ec1n t\u1ec7, h\u00e0ng ho\u00e1, kim lo\u1ea1i v\u00e0 H\u1ee3p \u0111\u1ed3ng ch\u00eanh l\u1ec7ch<\/li><li>5 \u0111\u01a1n v\u1ecb sau d\u1ea5y ph\u1ea9y<\/li><li>Mi\u1ec5n ph\u00ed qua \u0111\u00eam - Kh\u00f4ng<\/li><li>Hoa h\u1ed3ng - Kh\u00f4ng<\/li><li>Platform: Westminster Markets Trader App<\/li><li>Standard Lot: 100<\/li><li>G\u1ecdi k\u00fd qu\u1ef9 - 50%\/30%<\/li><\/ul><div class=\"btn-bubble-icon\">\u00a0<\/div>\t\t\t\t\t\t<\/div>\n\t\t\t\t<\/div>\n\t\t\t\t<div class=\"elementor-element elementor-element-fb16eb6 elementor-align-right elementor-mobile-align-center elementor-widget elementor-widget-bdt-advanced-button\" data-id=\"fb16eb6\" data-element_type=\"widget\" data-settings=\"{&quot;_animation&quot;:&quot;none&quot;}\" data-widget_type=\"bdt-advanced-button.default\">\n\t\t\t\t<div class=\"elementor-widget-container\">\n\t\t\t\t\t<div class=\"bdt-ep-button-wrapper\">\n\t\t\t<a href=\"#\" class=\"bdt-ep-button bdt-ep-button-effect-e bdt-ep-button-size-md\">\n\t\t\t\t\t\t<div class=\"bdt-ep-button-content-wrapper bdt-flex bdt-flex-middle bdt-flex-center\" data-text=\"Get Started\">\n\t\t\t\n\t\t\t<div class=\"bdt-ep-button-text\">\n\n\t\t\t\t<span class=\"avdbtn-text\">\n\t\t\t\t\tB\u1eaft \u0111\u1ea7u\t\t\t\t<\/span>\n\n\t\t\t\t\t\t\t<\/div>\n\n\t\t\t\n\t\t<\/div>\n\t\t\t\t\t<\/a>\n\t\t<\/div>\n\t\t\t\t<\/div>\n\t\t\t\t<\/div>\n\t\t\t\t<\/div>\n\t\t\t\t<\/div>\n\t\t<div class=\"elementor-element elementor-element-08889f6 e-con-full e-flex elementor-invisible e-con e-child\" data-id=\"08889f6\" data-element_type=\"container\" data-settings=\"{&quot;background_background&quot;:&quot;classic&quot;,&quot;animation&quot;:&quot;fadeInUp&quot;,&quot;animation_delay&quot;:600}\">\n\t\t<div class=\"elementor-element elementor-element-9c0c805 e-con-full e-flex e-con e-child\" data-id=\"9c0c805\" data-element_type=\"container\">\n\t\t\t\t<div class=\"elementor-element elementor-element-2733cf6 elementor-widget elementor-widget-heading\" data-id=\"2733cf6\" data-element_type=\"widget\" data-widget_type=\"heading.default\">\n\t\t\t\t<div class=\"elementor-widget-container\">\n\t\t\t<h3 class=\"elementor-heading-title elementor-size-default\">Palladium<\/h3>\t\t<\/div>\n\t\t\t\t<\/div>\n\t\t\t\t<div class=\"elementor-element elementor-element-1769f35 elementor-widget elementor-widget-text-editor\" data-id=\"1769f35\" data-element_type=\"widget\" data-widget_type=\"text-editor.default\">\n\t\t\t\t<div class=\"elementor-widget-container\">\n\t\t\t\t\t\t\t<p>D\u00e0nh cho b\u1ea5t k\u1ef3 t\u1eadp \u0111o\u00e0n l\u1edbn n\u00e0o, kh\u00f4ng gi\u1edbi h\u1ea1n s\u1ed1 l\u01b0\u1ee3ng th\u00e0nh vi\u00ean.<\/p>\t\t\t\t\t\t<\/div>\n\t\t\t\t<\/div>\n\t\t\t\t<div class=\"elementor-element elementor-element-0ded647 elementor-widget elementor-widget-text-editor\" data-id=\"0ded647\" data-element_type=\"widget\" data-widget_type=\"text-editor.default\">\n\t\t\t\t<div class=\"elementor-widget-container\">\n\t\t\t\t\t\t\t<p><strong>$100<\/strong>\/Ti\u1ec1n g\u1eedi t\u1ed1i thi\u1ec3u<\/p>\t\t\t\t\t\t<\/div>\n\t\t\t\t<\/div>\n\t\t\t\t<\/div>\n\t\t<div class=\"elementor-element elementor-element-f950cfc e-con-full e-flex e-con e-child\" data-id=\"f950cfc\" data-element_type=\"container\">\n\t\t\t\t<div class=\"elementor-element elementor-element-8d382af box_list elementor-widget elementor-widget-text-editor\" data-id=\"8d382af\" data-element_type=\"widget\" data-widget_type=\"text-editor.default\">\n\t\t\t\t<div class=\"elementor-widget-container\">\n\t\t\t\t\t\t\t<ul><li>\u0110\u00f2n b\u1ea9y 1:00<\/li><li>Th\u1ef1c hi\u1ec7n th\u1ecb tr\u01b0\u1eddng<\/li><li>S\u1ea3n ph\u1ea9m - th\u1ecb tr\u01b0\u1eddng ti\u1ec1n t\u1ec7, h\u00e0ng ho\u00e1, kim lo\u1ea1i v\u00e0 H\u1ee3p \u0111\u1ed3ng ch\u00eanh l\u1ec7ch<\/li><li>5 \u0111\u01a1n v\u1ecb sau d\u1ea5y ph\u1ea9y<\/li><li>Mi\u1ec5n ph\u00ed qua \u0111\u00eam - Kh\u00f4ng<\/li><li>Hoa h\u1ed3ng - Kh\u00f4ng<\/li><li>Platform: Westminster Markets Trader App<\/li><li>Standard Lot: 100<\/li><li>G\u1ecdi k\u00fd qu\u1ef9 - 50%\/30%<\/li><\/ul><div class=\"btn-bubble-icon\">\u00a0<\/div>\t\t\t\t\t\t<\/div>\n\t\t\t\t<\/div>\n\t\t\t\t<div class=\"elementor-element elementor-element-7fd7bc1 elementor-align-right elementor-mobile-align-center elementor-widget elementor-widget-bdt-advanced-button\" data-id=\"7fd7bc1\" data-element_type=\"widget\" data-settings=\"{&quot;_animation&quot;:&quot;none&quot;}\" data-widget_type=\"bdt-advanced-button.default\">\n\t\t\t\t<div class=\"elementor-widget-container\">\n\t\t\t\t\t<div class=\"bdt-ep-button-wrapper\">\n\t\t\t<a href=\"#\" class=\"bdt-ep-button bdt-ep-button-effect-e bdt-ep-button-size-md\">\n\t\t\t\t\t\t<div class=\"bdt-ep-button-content-wrapper bdt-flex bdt-flex-middle bdt-flex-center\" data-text=\"Get Started\">\n\t\t\t\n\t\t\t<div class=\"bdt-ep-button-text\">\n\n\t\t\t\t<span class=\"avdbtn-text\">\n\t\t\t\t\tB\u1eaft \u0111\u1ea7u\t\t\t\t<\/span>\n\n\t\t\t\t\t\t\t<\/div>\n\n\t\t\t\n\t\t<\/div>\n\t\t\t\t\t<\/a>\n\t\t<\/div>\n\t\t\t\t<\/div>\n\t\t\t\t<\/div>\n\t\t\t\t<\/div>\n\t\t\t\t<\/div>\n\t\t\t\t<\/div>\n\t\t\t\t\t<\/div>\n\t\t\t\t<\/div>\n\t\t\t\t<\/div>","protected":false},"excerpt":{"rendered":"<p>Trading Accounts Silver Perfect for small startups that have less than 10 team members $100\/Min Deposit Leverage 1:500 Market Execution Instruments: FX, Commodities, Metals and CFDs Decimal: 5 Swap Free: No Commission: No Platform: Westminster Markets Trader App Standard Lot: 65 Margin Call: 50%\/ 30% \u00a0 Get Started Gold Suitable for medium-sized businesses with up [&hellip;]<\/p>","protected":false},"author":1,"featured_media":0,"parent":0,"menu_order":0,"comment_status":"closed","ping_status":"closed","template":"","meta":{"footnotes":""},"class_list":["post-605","page","type-page","status-publish","hentry"],"yoast_head":"<!-- This site is optimized with the Yoast SEO plugin v24.7 - https:\/\/yoast.com\/wordpress\/plugins\/seo\/ -->\n<title>Trading Accounts - Westminster Markets<\/title>\n<meta name=\"robots\" content=\"index, follow, max-snippet:-1, max-image-preview:large, max-video-preview:-1\" \/>\n<link rel=\"canonical\" href=\"https:\/\/westminstermarkets.com\/vi\/trading-accounts\/\" \/>\n<meta property=\"og:locale\" content=\"vi_VN\" \/>\n<meta property=\"og:type\" content=\"article\" \/>\n<meta property=\"og:title\" content=\"Trading Accounts - Westminster Markets\" \/>\n<meta property=\"og:description\" content=\"Trading Accounts Silver Perfect for small startups that have less than 10 team members $100\/Min Deposit Leverage 1:500 Market Execution Instruments: FX, Commodities, Metals and CFDs Decimal: 5 Swap Free: No Commission: No Platform: Westminster Markets Trader App Standard Lot: 65 Margin Call: 50%\/ 30% \u00a0 Get Started Gold Suitable for medium-sized businesses with up [&hellip;]\" \/>\n<meta property=\"og:url\" content=\"https:\/\/westminstermarkets.com\/vi\/trading-accounts\/\" \/>\n<meta property=\"og:site_name\" content=\"Westminster Markets\" \/>\n<meta property=\"article:modified_time\" content=\"2024-10-03T06:26:19+00:00\" \/>\n<meta name=\"twitter:card\" content=\"summary_large_image\" \/>\n<meta name=\"twitter:label1\" content=\"\u01af\u1edbc t\u00ednh th\u1eddi gian \u0111\u1ecdc\" \/>\n\t<meta name=\"twitter:data1\" content=\"1 ph\u00fat\" \/>\n<script type=\"application\/ld+json\" class=\"yoast-schema-graph\">{\"@context\":\"https:\/\/schema.org\",\"@graph\":[{\"@type\":\"WebPage\",\"@id\":\"https:\/\/westminstermarkets.com\/trading-accounts\/\",\"url\":\"https:\/\/westminstermarkets.com\/trading-accounts\/\",\"name\":\"Trading Accounts - Westminster Markets\",\"isPartOf\":{\"@id\":\"https:\/\/westminstermarkets.com\/#website\"},\"datePublished\":\"2024-06-24T16:26:23+00:00\",\"dateModified\":\"2024-10-03T06:26:19+00:00\",\"breadcrumb\":{\"@id\":\"https:\/\/westminstermarkets.com\/trading-accounts\/#breadcrumb\"},\"inLanguage\":\"vi\",\"potentialAction\":[{\"@type\":\"ReadAction\",\"target\":[\"https:\/\/westminstermarkets.com\/trading-accounts\/\"]}]},{\"@type\":\"BreadcrumbList\",\"@id\":\"https:\/\/westminstermarkets.com\/trading-accounts\/#breadcrumb\",\"itemListElement\":[{\"@type\":\"ListItem\",\"position\":1,\"name\":\"Home\",\"item\":\"https:\/\/westminstermarkets.com\/\"},{\"@type\":\"ListItem\",\"position\":2,\"name\":\"Trading Accounts\"}]},{\"@type\":\"WebSite\",\"@id\":\"https:\/\/westminstermarkets.com\/#website\",\"url\":\"https:\/\/westminstermarkets.com\/\",\"name\":\"Westminster Markets\",\"description\":\"\",\"publisher\":{\"@id\":\"https:\/\/westminstermarkets.com\/#organization\"},\"potentialAction\":[{\"@type\":\"SearchAction\",\"target\":{\"@type\":\"EntryPoint\",\"urlTemplate\":\"https:\/\/westminstermarkets.com\/?s={search_term_string}\"},\"query-input\":{\"@type\":\"PropertyValueSpecification\",\"valueRequired\":true,\"valueName\":\"search_term_string\"}}],\"inLanguage\":\"vi\"},{\"@type\":\"Organization\",\"@id\":\"https:\/\/westminstermarkets.com\/#organization\",\"name\":\"Westminster Markets\",\"url\":\"https:\/\/westminstermarkets.com\/\",\"logo\":{\"@type\":\"ImageObject\",\"inLanguage\":\"vi\",\"@id\":\"https:\/\/westminstermarkets.com\/#\/schema\/logo\/image\/\",\"url\":\"https:\/\/westminstermarkets.com\/wp-content\/uploads\/2024\/06\/full-logo-for-light-bg.png\",\"contentUrl\":\"https:\/\/westminstermarkets.com\/wp-content\/uploads\/2024\/06\/full-logo-for-light-bg.png\",\"width\":876,\"height\":256,\"caption\":\"Westminster Markets\"},\"image\":{\"@id\":\"https:\/\/westminstermarkets.com\/#\/schema\/logo\/image\/\"}}]}<\/script>\n<!-- \/ Yoast SEO plugin. -->","yoast_head_json":{"title":"Trading Accounts - Westminster Markets","robots":{"index":"index","follow":"follow","max-snippet":"max-snippet:-1","max-image-preview":"max-image-preview:large","max-video-preview":"max-video-preview:-1"},"canonical":"https:\/\/westminstermarkets.com\/vi\/trading-accounts\/","og_locale":"vi_VN","og_type":"article","og_title":"Trading Accounts - Westminster Markets","og_description":"Trading Accounts Silver Perfect for small startups that have less than 10 team members $100\/Min Deposit Leverage 1:500 Market Execution Instruments: FX, Commodities, Metals and CFDs Decimal: 5 Swap Free: No Commission: No Platform: Westminster Markets Trader App Standard Lot: 65 Margin Call: 50%\/ 30% \u00a0 Get Started Gold Suitable for medium-sized businesses with up [&hellip;]","og_url":"https:\/\/westminstermarkets.com\/vi\/trading-accounts\/","og_site_name":"Westminster Markets","article_modified_time":"2024-10-03T06:26:19+00:00","twitter_card":"summary_large_image","twitter_misc":{"\u01af\u1edbc t\u00ednh th\u1eddi gian \u0111\u1ecdc":"1 ph\u00fat"},"schema":{"@context":"https:\/\/schema.org","@graph":[{"@type":"WebPage","@id":"https:\/\/westminstermarkets.com\/trading-accounts\/","url":"https:\/\/westminstermarkets.com\/trading-accounts\/","name":"Trading Accounts - Westminster Markets","isPartOf":{"@id":"https:\/\/westminstermarkets.com\/#website"},"datePublished":"2024-06-24T16:26:23+00:00","dateModified":"2024-10-03T06:26:19+00:00","breadcrumb":{"@id":"https:\/\/westminstermarkets.com\/trading-accounts\/#breadcrumb"},"inLanguage":"vi","potentialAction":[{"@type":"ReadAction","target":["https:\/\/westminstermarkets.com\/trading-accounts\/"]}]},{"@type":"BreadcrumbList","@id":"https:\/\/westminstermarkets.com\/trading-accounts\/#breadcrumb","itemListElement":[{"@type":"ListItem","position":1,"name":"Home","item":"https:\/\/westminstermarkets.com\/"},{"@type":"ListItem","position":2,"name":"Trading Accounts"}]},{"@type":"WebSite","@id":"https:\/\/westminstermarkets.com\/#website","url":"https:\/\/westminstermarkets.com\/","name":"Westminster Markets","description":"","publisher":{"@id":"https:\/\/westminstermarkets.com\/#organization"},"potentialAction":[{"@type":"SearchAction","target":{"@type":"EntryPoint","urlTemplate":"https:\/\/westminstermarkets.com\/?s={search_term_string}"},"query-input":{"@type":"PropertyValueSpecification","valueRequired":true,"valueName":"search_term_string"}}],"inLanguage":"vi"},{"@type":"Organization","@id":"https:\/\/westminstermarkets.com\/#organization","name":"Westminster Markets","url":"https:\/\/westminstermarkets.com\/","logo":{"@type":"ImageObject","inLanguage":"vi","@id":"https:\/\/westminstermarkets.com\/#\/schema\/logo\/image\/","url":"https:\/\/westminstermarkets.com\/wp-content\/uploads\/2024\/06\/full-logo-for-light-bg.png","contentUrl":"https:\/\/westminstermarkets.com\/wp-content\/uploads\/2024\/06\/full-logo-for-light-bg.png","width":876,"height":256,"caption":"Westminster Markets"},"image":{"@id":"https:\/\/westminstermarkets.com\/#\/schema\/logo\/image\/"}}]}},"_links":{"self":[{"href":"https:\/\/westminstermarkets.com\/vi\/wp-json\/wp\/v2\/pages\/605","targetHints":{"allow":["GET"]}}],"collection":[{"href":"https:\/\/westminstermarkets.com\/vi\/wp-json\/wp\/v2\/pages"}],"about":[{"href":"https:\/\/westminstermarkets.com\/vi\/wp-json\/wp\/v2\/types\/page"}],"author":[{"embeddable":true,"href":"https:\/\/westminstermarkets.com\/vi\/wp-json\/wp\/v2\/users\/1"}],"replies":[{"embeddable":true,"href":"https:\/\/westminstermarkets.com\/vi\/wp-json\/wp\/v2\/comments?post=605"}],"version-history":[{"count":61,"href":"https:\/\/westminstermarkets.com\/vi\/wp-json\/wp\/v2\/pages\/605\/revisions"}],"predecessor-version":[{"id":1550,"href":"https:\/\/westminstermarkets.com\/vi\/wp-json\/wp\/v2\/pages\/605\/revisions\/1550"}],"wp:attachment":[{"href":"https:\/\/westminstermarkets.com\/vi\/wp-json\/wp\/v2\/media?parent=605"}],"curies":[{"name":"wp","href":"https:\/\/api.w.org\/{rel}","templated":true}]}}