{"id":969,"date":"2024-06-29T23:05:49","date_gmt":"2024-06-29T16:05:49","guid":{"rendered":"https:\/\/westminstermarkets.com\/?page_id=969"},"modified":"2024-07-01T21:45:59","modified_gmt":"2024-07-01T14:45:59","slug":"trading-introduction","status":"publish","type":"page","link":"https:\/\/westminstermarkets.com\/vi\/trading-introduction\/","title":{"rendered":"Gi\u1edbi thi\u1ec7u giao d\u1ecbch"},"content":{"rendered":"<div data-elementor-type=\"wp-page\" data-elementor-id=\"969\" class=\"elementor elementor-969\" data-elementor-post-type=\"page\">\n\t\t\t\t<div class=\"elementor-element elementor-element-4b7bb04 e-con-full e-flex e-con e-parent\" data-id=\"4b7bb04\" data-element_type=\"container\" data-settings=\"{&quot;background_background&quot;:&quot;classic&quot;}\">\n\t\t<div class=\"elementor-element elementor-element-c2aa919 e-flex e-con-boxed e-con e-child\" data-id=\"c2aa919\" data-element_type=\"container\">\n\t\t\t\t\t<div class=\"e-con-inner\">\n\t\t\t\t<div class=\"elementor-element elementor-element-a51d705 elementor-invisible elementor-widget elementor-widget-heading\" data-id=\"a51d705\" data-element_type=\"widget\" data-settings=\"{&quot;_animation&quot;:&quot;fadeInUp&quot;}\" data-widget_type=\"heading.default\">\n\t\t\t\t<div class=\"elementor-widget-container\">\n\t\t\t<style>\/*! elementor - v3.21.0 - 26-05-2024 *\/\n.elementor-heading-title{padding:0;margin:0;line-height:1}.elementor-widget-heading .elementor-heading-title[class*=elementor-size-]>a{color:inherit;font-size:inherit;line-height:inherit}.elementor-widget-heading .elementor-heading-title.elementor-size-small{font-size:15px}.elementor-widget-heading .elementor-heading-title.elementor-size-medium{font-size:19px}.elementor-widget-heading .elementor-heading-title.elementor-size-large{font-size:29px}.elementor-widget-heading .elementor-heading-title.elementor-size-xl{font-size:39px}.elementor-widget-heading .elementor-heading-title.elementor-size-xxl{font-size:59px}<\/style><h2 class=\"elementor-heading-title elementor-size-default\">Gi\u1edbi thi\u1ec7u giao d\u1ecbch<\/h2>\t\t<\/div>\n\t\t\t\t<\/div>\n\t\t\t\t\t<\/div>\n\t\t\t\t<\/div>\n\t\t\t\t<\/div>\n\t\t<div class=\"elementor-element elementor-element-e6c5062 e-flex e-con-boxed e-con e-parent\" data-id=\"e6c5062\" data-element_type=\"container\" data-settings=\"{&quot;background_background&quot;:&quot;classic&quot;}\">\n\t\t\t\t\t<div class=\"e-con-inner\">\n\t\t<div class=\"elementor-element elementor-element-e4a71e8 e-con-full e-flex elementor-invisible e-con e-child\" data-id=\"e4a71e8\" data-element_type=\"container\" data-settings=\"{&quot;animation&quot;:&quot;fadeInUp&quot;}\">\n\t\t\t\t<div class=\"elementor-element elementor-element-98f5613 elementor-widget elementor-widget-text-editor\" data-id=\"98f5613\" data-element_type=\"widget\" data-widget_type=\"text-editor.default\">\n\t\t\t\t<div class=\"elementor-widget-container\">\n\t\t\t<style>\/*! elementor - v3.21.0 - 26-05-2024 *\/\n.elementor-widget-text-editor.elementor-drop-cap-view-stacked .elementor-drop-cap{background-color:#69727d;color:#fff}.elementor-widget-text-editor.elementor-drop-cap-view-framed .elementor-drop-cap{color:#69727d;border:3px solid;background-color:transparent}.elementor-widget-text-editor:not(.elementor-drop-cap-view-default) .elementor-drop-cap{margin-top:8px}.elementor-widget-text-editor:not(.elementor-drop-cap-view-default) .elementor-drop-cap-letter{width:1em;height:1em}.elementor-widget-text-editor .elementor-drop-cap{float:left;text-align:center;line-height:1;font-size:50px}.elementor-widget-text-editor .elementor-drop-cap-letter{display:inline-block}<\/style>\t\t\t\t<p>Th\u1ecb tr\u01b0\u1eddng ngo\u1ea1i h\u1ed1i, \u0111\u01b0\u1ee3c th\u00e0nh l\u1eadp v\u00e0o n\u0103m 1971, \u0111\u01b0\u1ee3c t\u1ea1o ra khi t\u1ef7 gi\u00e1 h\u1ed1i \u0111o\u00e1i th\u1ea3 n\u1ed5i b\u1eaft \u0111\u1ea7u th\u00e0nh hi\u1ec7n th\u1ef1c. Th\u1ecb tr\u01b0\u1eddng Forex kh\u00f4ng t\u1eadp trung nh\u01b0 th\u1ecb tr\u01b0\u1eddng ti\u1ec1n t\u1ec7 t\u01b0\u01a1ng lai ho\u1eb7c th\u1ecb tr\u01b0\u1eddng ch\u1ee9ng kho\u00e1n. Giao d\u1ecbch di\u1ec5n ra qua m\u00e1y t\u00ednh v\u00e0 \u0111i\u1ec7n tho\u1ea1i t\u1ea1i h\u00e0ng ngh\u00ecn \u0111\u1ecba \u0111i\u1ec3m tr\u00ean to\u00e0n th\u1ebf gi\u1edbi. <br \/>Th\u1ecb tr\u01b0\u1eddng ngo\u1ea1i h\u1ed1i, th\u01b0\u1eddng \u0111\u01b0\u1ee3c g\u1ecdi l\u00e0 FOREX, l\u00e0 n\u01a1i c\u00e1c ng\u00e2n h\u00e0ng, nh\u00e0 \u0111\u1ea7u t\u01b0 v\u00e0 nh\u00e0 \u0111\u1ea7u c\u01a1 trao \u0111\u1ed5i lo\u1ea1i ti\u1ec1n n\u00e0y sang lo\u1ea1i ti\u1ec1n kh\u00e1c. Ho\u1ea1t \u0111\u1ed9ng ngo\u1ea1i h\u1ed1i l\u1edbn nh\u1ea5t gi\u1eef l\u1ea1i giao d\u1ecbch giao ngay (t\u1ee9c l\u00e0 ngay l\u1eadp t\u1ee9c) gi\u1eefa n\u0103m lo\u1ea1i ti\u1ec1n t\u1ec7 ch\u00ednh: \u0110\u00f4 la M\u1ef9, B\u1ea3ng Anh, Y\u00ean Nh\u1eadt, Eurodollar v\u00e0 Franc Th\u1ee5y S\u0129. \u0110\u00e2y c\u0169ng l\u00e0 th\u1ecb tr\u01b0\u1eddng t\u00e0i ch\u00ednh l\u1edbn nh\u1ea5t th\u1ebf gi\u1edbi. \u0110\u1ec3 so s\u00e1nh, th\u1ecb tr\u01b0\u1eddng ch\u1ee9ng kho\u00e1n M\u1ef9 c\u00f3 th\u1ec3 giao d\u1ecbch 10 t\u1ef7 USD trong m\u1ed9t ng\u00e0y, trong khi th\u1ecb tr\u01b0\u1eddng Forex s\u1ebd giao d\u1ecbch l\u00ean t\u1edbi 2 ngh\u00ecn t\u1ef7 USD ch\u1ec9 trong m\u1ed9t ng\u00e0y. Th\u1ecb tr\u01b0\u1eddng ngo\u1ea1i h\u1ed1i l\u00e0 th\u1ecb tr\u01b0\u1eddng m\u1edf c\u1eeda 24 gi\u1edd m\u1ed9t ng\u00e0y, trong \u0111\u00f3 th\u1ecb tr\u01b0\u1eddng ti\u1ec1n t\u1ec7 ch\u00ednh l\u00e0 th\u1ecb tr\u01b0\u1eddng li\u00ean ng\u00e2n h\u00e0ng 24 gi\u1edd. Th\u1ecb tr\u01b0\u1eddng n\u00e0y \u0111i theo m\u1eb7t tr\u1eddi v\u00f2ng quanh th\u1ebf gi\u1edbi, di chuy\u1ec3n t\u1eeb c\u00e1c trung t\u00e2m ng\u00e2n h\u00e0ng l\u1edbn c\u1ee7a M\u1ef9 t\u1edbi Australia, New Zealand \u0111\u1ebfn Vi\u1ec5n \u0110\u00f4ng, t\u1edbi ch\u00e2u \u00c2u v\u00e0 cu\u1ed1i c\u00f9ng quay tr\u1edf l\u1ea1i M\u1ef9. <br \/>Cho \u0111\u1ebfn nay, c\u00e1c nh\u00e0 giao d\u1ecbch chuy\u00ean nghi\u1ec7p t\u1eeb c\u00e1c ng\u00e2n h\u00e0ng th\u01b0\u01a1ng m\u1ea1i v\u00e0 \u0111\u1ea7u t\u01b0 qu\u1ed1c t\u1ebf l\u1edbn \u0111\u00e3 th\u1ed1ng tr\u1ecb th\u1ecb tr\u01b0\u1eddng FX. Nh\u1eefng ng\u01b0\u1eddi tham gia th\u1ecb tr\u01b0\u1eddng kh\u00e1c bao g\u1ed3m t\u1eeb c\u00e1c t\u1eadp \u0111o\u00e0n \u0111a qu\u1ed1c gia l\u1edbn, c\u00e1c nh\u00e0 qu\u1ea3n l\u00fd ti\u1ec1n to\u00e0n c\u1ea7u, c\u00e1c \u0111\u1ea1i l\u00fd \u0111\u00e3 \u0111\u0103ng k\u00fd, c\u00e1c nh\u00e0 m\u00f4i gi\u1edbi ti\u1ec1n t\u1ec7 qu\u1ed1c t\u1ebf, c\u00e1c nh\u00e0 giao d\u1ecbch t\u01b0\u01a1ng lai v\u00e0 quy\u1ec1n ch\u1ecdn, cho \u0111\u1ebfn c\u00e1c nh\u00e0 \u0111\u1ea7u c\u01a1 t\u01b0 nh\u00e2n. <br \/>C\u00f3 ba l\u00fd do ch\u00ednh \u0111\u1ec3 tham gia v\u00e0o th\u1ecb tr\u01b0\u1eddng FX. M\u1ed9t l\u00e0 t\u1ea1o \u0111i\u1ec1u ki\u1ec7n thu\u1eadn l\u1ee3i cho m\u1ed9t giao d\u1ecbch th\u1ef1c t\u1ebf, theo \u0111\u00f3 c\u00e1c t\u1eadp \u0111o\u00e0n qu\u1ed1c t\u1ebf chuy\u1ec3n \u0111\u1ed5i l\u1ee3i nhu\u1eadn ki\u1ebfm \u0111\u01b0\u1ee3c b\u1eb1ng ngo\u1ea1i t\u1ec7 th\u00e0nh n\u1ed9i t\u1ec7 c\u1ee7a h\u1ecd. C\u00e1c th\u1ee7 qu\u1ef9 v\u00e0 nh\u00e0 qu\u1ea3n l\u00fd ti\u1ec1n t\u1ec7 c\u1ee7a c\u00f4ng ty c\u0169ng tham gia v\u00e0o th\u1ecb tr\u01b0\u1eddng ngo\u1ea1i h\u1ed1i \u0111\u1ec3 ph\u00f2ng ng\u1eeba nh\u1eefng r\u1ee7i ro kh\u00f4ng mong mu\u1ed1n tr\u01b0\u1edbc nh\u1eefng bi\u1ebfn \u0111\u1ed9ng gi\u00e1 c\u1ea3 trong t\u01b0\u01a1ng lai tr\u00ean th\u1ecb tr\u01b0\u1eddng ti\u1ec1n t\u1ec7. L\u00fd do th\u1ee9 ba v\u00e0 ph\u1ed5 bi\u1ebfn h\u01a1n l\u00e0 \u0111\u1ea7u c\u01a1 ki\u1ebfm l\u1eddi. Tr\u00ean th\u1ef1c t\u1ebf, ng\u00e0y nay ng\u01b0\u1eddi ta \u01b0\u1edbc t\u00ednh r\u1eb1ng ch\u01b0a \u0111\u1ebfn 5% t\u1ed5ng giao d\u1ecbch tr\u00ean th\u1ecb tr\u01b0\u1eddng FX th\u1ef1c s\u1ef1 t\u1ea1o \u0111i\u1ec1u ki\u1ec7n thu\u1eadn l\u1ee3i cho m\u1ed9t giao d\u1ecbch th\u01b0\u01a1ng m\u1ea1i th\u1ef1c s\u1ef1.<br \/>Th\u1ecb tr\u01b0\u1eddng FX \u0111\u01b0\u1ee3c coi l\u00e0 th\u1ecb tr\u01b0\u1eddng Over The Counter (OTC) ho\u1eb7c 'Li\u00ean ng\u00e2n h\u00e0ng', do th\u1ef1c t\u1ebf l\u00e0 c\u00e1c giao d\u1ecbch \u0111\u01b0\u1ee3c th\u1ef1c hi\u1ec7n gi\u1eefa hai \u0111\u1ed1i t\u00e1c qua \u0111i\u1ec7n tho\u1ea1i ho\u1eb7c qua m\u1ea1ng \u0111i\u1ec7n t\u1eed. Giao d\u1ecbch kh\u00f4ng t\u1eadp trung tr\u00ean m\u1ed9t s\u00e0n giao d\u1ecbch nh\u01b0 th\u1ecb tr\u01b0\u1eddng ch\u1ee9ng kho\u00e1n v\u00e0 th\u1ecb tr\u01b0\u1eddng t\u01b0\u01a1ng lai. L\u00e0 m\u1ed9t th\u1ecb tr\u01b0\u1eddng th\u1ef1c s\u1ef1 ho\u1ea1t \u0111\u1ed9ng 24 gi\u1edd, giao d\u1ecbch Forex b\u1eaft \u0111\u1ea7u m\u1ed7i ng\u00e0y \u1edf Sydney v\u00e0 di chuy\u1ec3n kh\u1eafp th\u1ebf gi\u1edbi khi ng\u00e0y l\u00e0m vi\u1ec7c b\u1eaft \u0111\u1ea7u \u1edf m\u1ed7i trung t\u00e2m t\u00e0i ch\u00ednh, \u0111\u1ea7u ti\u00ean l\u00e0 Tokyo, London v\u00e0 New York. Kh\u00f4ng gi\u1ed1ng b\u1ea5t k\u1ef3 th\u1ecb tr\u01b0\u1eddng t\u00e0i ch\u00ednh n\u00e0o kh\u00e1c, nh\u00e0 \u0111\u1ea7u t\u01b0 c\u00f3 th\u1ec3 \u1ee9ng ph\u00f3 v\u1edbi nh\u1eefng bi\u1ebfn \u0111\u1ed9ng ti\u1ec1n t\u1ec7 do c\u00e1c s\u1ef1 ki\u1ec7n kinh t\u1ebf, x\u00e3 h\u1ed9i v\u00e0 ch\u00ednh tr\u1ecb g\u00e2y ra t\u1ea1i th\u1eddi \u0111i\u1ec3m ch\u00fang x\u1ea3y ra \u2013 ng\u00e0y hay \u0111\u00eam.<\/p>\t\t\t\t\t\t<\/div>\n\t\t\t\t<\/div>\n\t\t\t\t<\/div>\n\t\t<div class=\"elementor-element elementor-element-4f3e666 e-con-full e-flex elementor-invisible e-con e-child\" data-id=\"4f3e666\" data-element_type=\"container\" data-settings=\"{&quot;animation&quot;:&quot;fadeInUp&quot;}\">\n\t\t\t\t<div class=\"elementor-element elementor-element-f274564 elementor-widget elementor-widget-heading\" data-id=\"f274564\" data-element_type=\"widget\" data-settings=\"{&quot;_animation&quot;:&quot;none&quot;}\" data-widget_type=\"heading.default\">\n\t\t\t\t<div class=\"elementor-widget-container\">\n\t\t\t<h3 class=\"elementor-heading-title elementor-size-default translation-block\">L\u1ecbch s\u1eed c\u1ee7a <span class=\"blue\">Ngo\u1ea1i h\u1ed1i<\/span><\/h3>\t\t<\/div>\n\t\t\t\t<\/div>\n\t\t\t\t<div class=\"elementor-element elementor-element-9954944 elementor-widget elementor-widget-text-editor\" data-id=\"9954944\" data-element_type=\"widget\" data-widget_type=\"text-editor.default\">\n\t\t\t\t<div class=\"elementor-widget-container\">\n\t\t\t\t\t\t\t<p>Ti\u1ec1n, d\u01b0\u1edbi h\u00ecnh th\u1ee9c n\u00e0y hay h\u00ecnh th\u1ee9c kh\u00e1c, \u0111\u00e3 \u0111\u01b0\u1ee3c con ng\u01b0\u1eddi s\u1eed d\u1ee5ng trong nhi\u1ec1u th\u1ebf k\u1ef7. L\u00fac \u0111\u1ea7u ch\u1ee7 y\u1ebfu l\u00e0 ti\u1ec1n V\u00e0ng ho\u1eb7c B\u1ea1c. H\u00e0ng h\u00f3a \u0111\u01b0\u1ee3c trao \u0111\u1ed5i v\u1edbi h\u00e0ng h\u00f3a kh\u00e1c ho\u1eb7c v\u1edbi v\u00e0ng. V\u00ec v\u1eady, gi\u00e1 v\u00e0ng \u0111\u00e3 tr\u1edf th\u00e0nh m\u1ed9t \u0111i\u1ec3m tham chi\u1ebfu. Nh\u01b0ng khi ho\u1ea1t \u0111\u1ed9ng bu\u00f4n b\u00e1n h\u00e0ng h\u00f3a ng\u00e0y c\u00e0ng ph\u00e1t tri\u1ec3n gi\u1eefa c\u00e1c qu\u1ed1c gia, vi\u1ec7c di chuy\u1ec3n s\u1ed1 l\u01b0\u1ee3ng v\u00e0ng kh\u1eafp n\u01a1i \u0111\u1ec3 thanh to\u00e1n c\u00e1c kho\u1ea3n thanh to\u00e1n th\u01b0\u01a1ng m\u1ea1i tr\u1edf n\u00ean c\u1ed3ng k\u1ec1nh, r\u1ee7i ro v\u00e0 t\u1ed1n th\u1eddi gian. Do \u0111\u00f3, ng\u01b0\u1eddi ta \u0111\u00e3 t\u00ecm ki\u1ebfm m\u1ed9t h\u1ec7 th\u1ed1ng trong \u0111\u00f3 vi\u1ec7c thanh to\u00e1n c\u00e1c giao d\u1ecbch c\u00f3 th\u1ec3 \u0111\u01b0\u1ee3c th\u1ef1c hi\u1ec7n b\u1eb1ng n\u1ed9i t\u1ec7 c\u1ee7a ng\u01b0\u1eddi b\u00e1n. Nh\u01b0ng bao nhi\u00eau n\u1ed9i t\u1ec7 c\u1ee7a ng\u01b0\u1eddi mua s\u1ebd b\u1eb1ng v\u1edbi n\u1ed9i t\u1ec7 c\u1ee7a ng\u01b0\u1eddi b\u00e1n? <br \/>C\u00e2u tr\u1ea3 l\u1eddi r\u1ea5t \u0111\u01a1n gi\u1ea3n. S\u1ee9c m\u1ea1nh \u0111\u1ed3ng ti\u1ec1n c\u1ee7a m\u1ed9t qu\u1ed1c gia ph\u1ee5 thu\u1ed9c v\u00e0o l\u01b0\u1ee3ng v\u00e0ng d\u1ef1 tr\u1eef m\u00e0 qu\u1ed1c gia \u0111\u00f3 duy tr\u00ec. V\u00ec v\u1eady, n\u1ebfu d\u1ef1 tr\u1eef v\u00e0ng c\u1ee7a qu\u1ed1c gia A g\u1ea5p \u0111\u00f4i d\u1ef1 tr\u1eef v\u00e0ng c\u1ee7a qu\u1ed1c gia B, th\u00ec \u0111\u1ed3ng ti\u1ec1n c\u1ee7a qu\u1ed1c gia A s\u1ebd c\u00f3 gi\u00e1 tr\u1ecb g\u1ea5p \u0111\u00f4i khi trao \u0111\u1ed5i v\u1edbi \u0111\u1ed3ng ti\u1ec1n c\u1ee7a qu\u1ed1c gia B. \u0110i\u1ec1u n\u00e0y \u0111\u01b0\u1ee3c g\u1ecdi l\u00e0 Ti\u00eau chu\u1ea9n v\u00e0ng. Kho\u1ea3ng n\u0103m 1880, Ti\u00eau chu\u1ea9n V\u00e0ng \u0111\u01b0\u1ee3c ch\u1ea5p nh\u1eadn v\u00e0 s\u1eed d\u1ee5ng tr\u00ean to\u00e0n th\u1ebf gi\u1edbi. <br \/>Trong Th\u1ebf chi\u1ebfn th\u1ee9 nh\u1ea5t, \u0111\u1ec3 \u0111\u00e1p \u1ee9ng nhu c\u1ea7u t\u00e0i ch\u00ednh to l\u1edbn, ti\u1ec1n gi\u1ea5y \u0111\u00e3 \u0111\u01b0\u1ee3c t\u1ea1o ra v\u1edbi s\u1ed1 l\u01b0\u1ee3ng v\u01b0\u1ee3t xa tr\u1eef l\u01b0\u1ee3ng v\u00e0ng. C\u00e1c \u0111\u1ed3ng ti\u1ec1n m\u1ea5t \u0111i s\u1ef1 ngang b\u1eb1ng ti\u00eau chu\u1ea9n v\u00e0 g\u00e2y ra s\u1ef1 bi\u1ebfn d\u1ea1ng l\u1edbn v\u1ec1 v\u1ecb th\u1ebf c\u1ee7a \u0111\u1ea5t n\u01b0\u1edbc v\u1ec1 c\u00e1c kho\u1ea3n n\u1ee3 v\u00e0 t\u00e0i s\u1ea3n n\u01b0\u1edbc ngo\u00e0i. <br \/>Sau khi Th\u1ebf chi\u1ebfn th\u1ee9 hai k\u1ebft th\u00fac, c\u00e1c c\u01b0\u1eddng qu\u1ed1c \u0111\u1ed3ng minh ph\u01b0\u01a1ng T\u00e2y \u0111\u00e3 c\u1ed1 g\u1eafng gi\u1ea3i quy\u1ebft v\u1ea5n \u0111\u1ec1 t\u1ea1i H\u1ed9i ngh\u1ecb Bretton Woods \u1edf New Hampshire n\u0103m 1944. Trong ba tu\u1ea7n \u0111\u1ea7u ti\u00ean c\u1ee7a th\u00e1ng 7 n\u0103m 1944, c\u00e1c \u0111\u1ea1i bi\u1ec3u t\u1eeb 45 qu\u1ed1c gia \u0111\u00e3 t\u1eadp trung t\u1ea1i H\u1ed9i ngh\u1ecb T\u00e0i ch\u00ednh v\u00e0 Ti\u1ec1n t\u1ec7 c\u1ee7a Li\u00ean h\u1ee3p qu\u1ed1c. \u1edf Bretton Woods, New Hampshire. C\u00e1c \u0111\u1ea1i bi\u1ec3u \u0111\u00e3 g\u1eb7p nhau \u0111\u1ec3 th\u1ea3o lu\u1eadn v\u1ec1 s\u1ef1 ph\u1ee5c h\u1ed3i sau chi\u1ebfn tranh c\u1ee7a ch\u00e2u \u00c2u c\u0169ng nh\u01b0 m\u1ed9t s\u1ed1 v\u1ea5n \u0111\u1ec1 ti\u1ec1n t\u1ec7, nh\u01b0 t\u1ef7 gi\u00e1 h\u1ed1i \u0111o\u00e1i kh\u00f4ng \u1ed5n \u0111\u1ecbnh v\u00e0 c\u00e1c ch\u00ednh s\u00e1ch th\u01b0\u01a1ng m\u1ea1i b\u1ea3o h\u1ed9. <br \/>Sau khi Th\u1ebf chi\u1ebfn th\u1ee9 hai k\u1ebft th\u00fac, c\u00e1c c\u01b0\u1eddng qu\u1ed1c \u0111\u1ed3ng minh ph\u01b0\u01a1ng T\u00e2y \u0111\u00e3 c\u1ed1 g\u1eafng gi\u1ea3i quy\u1ebft v\u1ea5n \u0111\u1ec1 t\u1ea1i H\u1ed9i ngh\u1ecb Bretton Woods \u1edf New Hampshire n\u0103m 1944. Trong ba tu\u1ea7n \u0111\u1ea7u ti\u00ean c\u1ee7a th\u00e1ng 7 n\u0103m 1944, c\u00e1c \u0111\u1ea1i bi\u1ec3u t\u1eeb 45 qu\u1ed1c gia \u0111\u00e3 t\u1eadp trung t\u1ea1i H\u1ed9i ngh\u1ecb T\u00e0i ch\u00ednh v\u00e0 Ti\u1ec1n t\u1ec7 c\u1ee7a Li\u00ean h\u1ee3p qu\u1ed1c. \u1edf Bretton Woods, New Hampshire. C\u00e1c \u0111\u1ea1i bi\u1ec3u \u0111\u00e3 g\u1eb7p nhau \u0111\u1ec3 th\u1ea3o lu\u1eadn v\u1ec1 s\u1ef1 ph\u1ee5c h\u1ed3i sau chi\u1ebfn tranh c\u1ee7a ch\u00e2u \u00c2u c\u0169ng nh\u01b0 m\u1ed9t s\u1ed1 v\u1ea5n \u0111\u1ec1 ti\u1ec1n t\u1ec7, nh\u01b0 t\u1ef7 gi\u00e1 h\u1ed1i \u0111o\u00e1i kh\u00f4ng \u1ed5n \u0111\u1ecbnh v\u00e0 c\u00e1c ch\u00ednh s\u00e1ch th\u01b0\u01a1ng m\u1ea1i b\u1ea3o h\u1ed9. <br \/>C\u00e1c \u0111\u1ea1i bi\u1ec3u t\u1ea1i Bretton Woods \u0111\u00e3 \u0111\u1ea1t \u0111\u01b0\u1ee3c th\u1ecfa thu\u1eadn \u0111\u01b0\u1ee3c g\u1ecdi l\u00e0 Th\u1ecfa thu\u1eadn Bretton Woods \u0111\u1ec3 thi\u1ebft l\u1eadp m\u1ed9t h\u1ec7 th\u1ed1ng ti\u1ec1n t\u1ec7 qu\u1ed1c t\u1ebf th\u1eddi h\u1eadu chi\u1ebfn g\u1ed3m c\u00e1c lo\u1ea1i ti\u1ec1n t\u1ec7 c\u00f3 th\u1ec3 chuy\u1ec3n \u0111\u1ed5i, t\u1ef7 gi\u00e1 h\u1ed1i \u0111o\u00e1i c\u1ed1 \u0111\u1ecbnh v\u00e0 th\u01b0\u01a1ng m\u1ea1i t\u1ef1 do. \u0110\u1ec3 t\u1ea1o \u0111i\u1ec1u ki\u1ec7n thu\u1eadn l\u1ee3i cho nh\u1eefng m\u1ee5c ti\u00eau n\u00e0y, hi\u1ec7p \u0111\u1ecbnh \u0111\u00e3 th\u00e0nh l\u1eadp hai t\u1ed5 ch\u1ee9c qu\u1ed1c t\u1ebf: Qu\u1ef9 Ti\u1ec1n t\u1ec7 Qu\u1ed1c t\u1ebf (IMF) v\u00e0 Ng\u00e2n h\u00e0ng T\u00e1i thi\u1ebft v\u00e0 Ph\u00e1t tri\u1ec3n Qu\u1ed1c t\u1ebf (Ng\u00e2n h\u00e0ng Th\u1ebf gi\u1edbi). M\u1ee5c \u0111\u00edch l\u00e0 cung c\u1ea5p vi\u1ec7n tr\u1ee3 kinh t\u1ebf cho vi\u1ec7c t\u00e1i thi\u1ebft ch\u00e2u \u00c2u th\u1eddi h\u1eadu chi\u1ebfn. Kho\u1ea3n vay ban \u0111\u1ea7u tr\u1ecb gi\u00e1 250 tri\u1ec7u USD cho Ph\u00e1p v\u00e0o n\u0103m 1947 l\u00e0 h\u00e0nh \u0111\u1ed9ng \u0111\u1ea7u ti\u00ean c\u1ee7a Ng\u00e2n h\u00e0ng Th\u1ebf gi\u1edbi. <br \/>C\u00e1c \u0111\u1ea1i bi\u1ec3u t\u1ea1i Bretton Woods \u0111\u00e3 \u0111\u1ea1t \u0111\u01b0\u1ee3c th\u1ecfa thu\u1eadn \u0111\u01b0\u1ee3c g\u1ecdi l\u00e0 Th\u1ecfa thu\u1eadn Bretton Woods \u0111\u1ec3 thi\u1ebft l\u1eadp m\u1ed9t h\u1ec7 th\u1ed1ng ti\u1ec1n t\u1ec7 qu\u1ed1c t\u1ebf th\u1eddi h\u1eadu chi\u1ebfn g\u1ed3m c\u00e1c lo\u1ea1i ti\u1ec1n t\u1ec7 c\u00f3 th\u1ec3 chuy\u1ec3n \u0111\u1ed5i, t\u1ef7 gi\u00e1 h\u1ed1i \u0111o\u00e1i c\u1ed1 \u0111\u1ecbnh v\u00e0 th\u01b0\u01a1ng m\u1ea1i t\u1ef1 do. \u0110\u1ec3 t\u1ea1o \u0111i\u1ec1u ki\u1ec7n thu\u1eadn l\u1ee3i cho nh\u1eefng m\u1ee5c ti\u00eau n\u00e0y, hi\u1ec7p \u0111\u1ecbnh \u0111\u00e3 th\u00e0nh l\u1eadp hai t\u1ed5 ch\u1ee9c qu\u1ed1c t\u1ebf: Qu\u1ef9 Ti\u1ec1n t\u1ec7 Qu\u1ed1c t\u1ebf (IMF) v\u00e0 Ng\u00e2n h\u00e0ng T\u00e1i thi\u1ebft v\u00e0 Ph\u00e1t tri\u1ec3n Qu\u1ed1c t\u1ebf (Ng\u00e2n h\u00e0ng Th\u1ebf gi\u1edbi). M\u1ee5c \u0111\u00edch l\u00e0 cung c\u1ea5p vi\u1ec7n tr\u1ee3 kinh t\u1ebf cho vi\u1ec7c t\u00e1i thi\u1ebft ch\u00e2u \u00c2u th\u1eddi h\u1eadu chi\u1ebfn. Kho\u1ea3n vay ban \u0111\u1ea7u tr\u1ecb gi\u00e1 250 tri\u1ec7u USD cho Ph\u00e1p v\u00e0o n\u0103m 1947 l\u00e0 h\u00e0nh \u0111\u1ed9ng \u0111\u1ea7u ti\u00ean c\u1ee7a Ng\u00e2n h\u00e0ng Th\u1ebf gi\u1edbi.<\/p>\t\t\t\t\t\t<\/div>\n\t\t\t\t<\/div>\n\t\t\t\t<\/div>\n\t\t\t\t\t<\/div>\n\t\t\t\t<\/div>\n\t\t\t\t<\/div>","protected":false},"excerpt":{"rendered":"<p>Trading Introduction The forex market, established in 1971, was created when floating exchange rates began to materialize. The Forex market is not centralized, like in currency futures or stock markets. Trading occurs over computers and telephones at thousands of locations worldwide. The Foreign Exchange market, commonly referred as FOREX, is where banks, investors and speculators [&hellip;]<\/p>","protected":false},"author":1,"featured_media":0,"parent":0,"menu_order":0,"comment_status":"closed","ping_status":"closed","template":"","meta":{"footnotes":""},"class_list":["post-969","page","type-page","status-publish","hentry"],"yoast_head":"<!-- This site is optimized with the Yoast SEO plugin v24.7 - https:\/\/yoast.com\/wordpress\/plugins\/seo\/ -->\n<title>Trading Introduction - Westminster Markets<\/title>\n<meta name=\"robots\" content=\"index, follow, max-snippet:-1, max-image-preview:large, max-video-preview:-1\" \/>\n<link rel=\"canonical\" href=\"https:\/\/westminstermarkets.com\/vi\/trading-introduction\/\" \/>\n<meta property=\"og:locale\" content=\"vi_VN\" \/>\n<meta property=\"og:type\" content=\"article\" \/>\n<meta property=\"og:title\" content=\"Trading Introduction - Westminster Markets\" \/>\n<meta property=\"og:description\" content=\"Trading Introduction The forex market, established in 1971, was created when floating exchange rates began to materialize. The Forex market is not centralized, like in currency futures or stock markets. Trading occurs over computers and telephones at thousands of locations worldwide. The Foreign Exchange market, commonly referred as FOREX, is where banks, investors and speculators [&hellip;]\" \/>\n<meta property=\"og:url\" content=\"https:\/\/westminstermarkets.com\/vi\/trading-introduction\/\" \/>\n<meta property=\"og:site_name\" content=\"Westminster Markets\" \/>\n<meta property=\"article:modified_time\" content=\"2024-07-01T14:45:59+00:00\" \/>\n<meta name=\"twitter:card\" content=\"summary_large_image\" \/>\n<meta name=\"twitter:label1\" content=\"\u01af\u1edbc t\u00ednh th\u1eddi gian \u0111\u1ecdc\" \/>\n\t<meta name=\"twitter:data1\" content=\"5 ph\u00fat\" \/>\n<script type=\"application\/ld+json\" class=\"yoast-schema-graph\">{\"@context\":\"https:\/\/schema.org\",\"@graph\":[{\"@type\":\"WebPage\",\"@id\":\"https:\/\/westminstermarkets.com\/vi\/trading-introduction\/\",\"url\":\"https:\/\/westminstermarkets.com\/vi\/trading-introduction\/\",\"name\":\"Trading Introduction - Westminster Markets\",\"isPartOf\":{\"@id\":\"https:\/\/westminstermarkets.com\/#website\"},\"datePublished\":\"2024-06-29T16:05:49+00:00\",\"dateModified\":\"2024-07-01T14:45:59+00:00\",\"breadcrumb\":{\"@id\":\"https:\/\/westminstermarkets.com\/vi\/trading-introduction\/#breadcrumb\"},\"inLanguage\":\"vi\",\"potentialAction\":[{\"@type\":\"ReadAction\",\"target\":[\"https:\/\/westminstermarkets.com\/vi\/trading-introduction\/\"]}]},{\"@type\":\"BreadcrumbList\",\"@id\":\"https:\/\/westminstermarkets.com\/vi\/trading-introduction\/#breadcrumb\",\"itemListElement\":[{\"@type\":\"ListItem\",\"position\":1,\"name\":\"Home\",\"item\":\"https:\/\/westminstermarkets.com\/\"},{\"@type\":\"ListItem\",\"position\":2,\"name\":\"Trading Introduction\"}]},{\"@type\":\"WebSite\",\"@id\":\"https:\/\/westminstermarkets.com\/#website\",\"url\":\"https:\/\/westminstermarkets.com\/\",\"name\":\"Westminster Markets\",\"description\":\"\",\"publisher\":{\"@id\":\"https:\/\/westminstermarkets.com\/#organization\"},\"potentialAction\":[{\"@type\":\"SearchAction\",\"target\":{\"@type\":\"EntryPoint\",\"urlTemplate\":\"https:\/\/westminstermarkets.com\/?s={search_term_string}\"},\"query-input\":{\"@type\":\"PropertyValueSpecification\",\"valueRequired\":true,\"valueName\":\"search_term_string\"}}],\"inLanguage\":\"vi\"},{\"@type\":\"Organization\",\"@id\":\"https:\/\/westminstermarkets.com\/#organization\",\"name\":\"Westminster Markets\",\"url\":\"https:\/\/westminstermarkets.com\/\",\"logo\":{\"@type\":\"ImageObject\",\"inLanguage\":\"vi\",\"@id\":\"https:\/\/westminstermarkets.com\/#\/schema\/logo\/image\/\",\"url\":\"https:\/\/westminstermarkets.com\/wp-content\/uploads\/2024\/06\/full-logo-for-light-bg.png\",\"contentUrl\":\"https:\/\/westminstermarkets.com\/wp-content\/uploads\/2024\/06\/full-logo-for-light-bg.png\",\"width\":876,\"height\":256,\"caption\":\"Westminster Markets\"},\"image\":{\"@id\":\"https:\/\/westminstermarkets.com\/#\/schema\/logo\/image\/\"}}]}<\/script>\n<!-- \/ Yoast SEO plugin. -->","yoast_head_json":{"title":"Trading Introduction - Westminster Markets","robots":{"index":"index","follow":"follow","max-snippet":"max-snippet:-1","max-image-preview":"max-image-preview:large","max-video-preview":"max-video-preview:-1"},"canonical":"https:\/\/westminstermarkets.com\/vi\/trading-introduction\/","og_locale":"vi_VN","og_type":"article","og_title":"Trading Introduction - Westminster Markets","og_description":"Trading Introduction The forex market, established in 1971, was created when floating exchange rates began to materialize. The Forex market is not centralized, like in currency futures or stock markets. Trading occurs over computers and telephones at thousands of locations worldwide. The Foreign Exchange market, commonly referred as FOREX, is where banks, investors and speculators [&hellip;]","og_url":"https:\/\/westminstermarkets.com\/vi\/trading-introduction\/","og_site_name":"Westminster Markets","article_modified_time":"2024-07-01T14:45:59+00:00","twitter_card":"summary_large_image","twitter_misc":{"\u01af\u1edbc t\u00ednh th\u1eddi gian \u0111\u1ecdc":"5 ph\u00fat"},"schema":{"@context":"https:\/\/schema.org","@graph":[{"@type":"WebPage","@id":"https:\/\/westminstermarkets.com\/vi\/trading-introduction\/","url":"https:\/\/westminstermarkets.com\/vi\/trading-introduction\/","name":"Trading Introduction - Westminster Markets","isPartOf":{"@id":"https:\/\/westminstermarkets.com\/#website"},"datePublished":"2024-06-29T16:05:49+00:00","dateModified":"2024-07-01T14:45:59+00:00","breadcrumb":{"@id":"https:\/\/westminstermarkets.com\/vi\/trading-introduction\/#breadcrumb"},"inLanguage":"vi","potentialAction":[{"@type":"ReadAction","target":["https:\/\/westminstermarkets.com\/vi\/trading-introduction\/"]}]},{"@type":"BreadcrumbList","@id":"https:\/\/westminstermarkets.com\/vi\/trading-introduction\/#breadcrumb","itemListElement":[{"@type":"ListItem","position":1,"name":"Home","item":"https:\/\/westminstermarkets.com\/"},{"@type":"ListItem","position":2,"name":"Trading Introduction"}]},{"@type":"WebSite","@id":"https:\/\/westminstermarkets.com\/#website","url":"https:\/\/westminstermarkets.com\/","name":"Westminster Markets","description":"","publisher":{"@id":"https:\/\/westminstermarkets.com\/#organization"},"potentialAction":[{"@type":"SearchAction","target":{"@type":"EntryPoint","urlTemplate":"https:\/\/westminstermarkets.com\/?s={search_term_string}"},"query-input":{"@type":"PropertyValueSpecification","valueRequired":true,"valueName":"search_term_string"}}],"inLanguage":"vi"},{"@type":"Organization","@id":"https:\/\/westminstermarkets.com\/#organization","name":"Westminster Markets","url":"https:\/\/westminstermarkets.com\/","logo":{"@type":"ImageObject","inLanguage":"vi","@id":"https:\/\/westminstermarkets.com\/#\/schema\/logo\/image\/","url":"https:\/\/westminstermarkets.com\/wp-content\/uploads\/2024\/06\/full-logo-for-light-bg.png","contentUrl":"https:\/\/westminstermarkets.com\/wp-content\/uploads\/2024\/06\/full-logo-for-light-bg.png","width":876,"height":256,"caption":"Westminster Markets"},"image":{"@id":"https:\/\/westminstermarkets.com\/#\/schema\/logo\/image\/"}}]}},"_links":{"self":[{"href":"https:\/\/westminstermarkets.com\/vi\/wp-json\/wp\/v2\/pages\/969","targetHints":{"allow":["GET"]}}],"collection":[{"href":"https:\/\/westminstermarkets.com\/vi\/wp-json\/wp\/v2\/pages"}],"about":[{"href":"https:\/\/westminstermarkets.com\/vi\/wp-json\/wp\/v2\/types\/page"}],"author":[{"embeddable":true,"href":"https:\/\/westminstermarkets.com\/vi\/wp-json\/wp\/v2\/users\/1"}],"replies":[{"embeddable":true,"href":"https:\/\/westminstermarkets.com\/vi\/wp-json\/wp\/v2\/comments?post=969"}],"version-history":[{"count":11,"href":"https:\/\/westminstermarkets.com\/vi\/wp-json\/wp\/v2\/pages\/969\/revisions"}],"predecessor-version":[{"id":1275,"href":"https:\/\/westminstermarkets.com\/vi\/wp-json\/wp\/v2\/pages\/969\/revisions\/1275"}],"wp:attachment":[{"href":"https:\/\/westminstermarkets.com\/vi\/wp-json\/wp\/v2\/media?parent=969"}],"curies":[{"name":"wp","href":"https:\/\/api.w.org\/{rel}","templated":true}]}}